{"id":90,"date":"2004-03-08T23:59:49","date_gmt":"2004-03-09T02:59:49","guid":{"rendered":"http:\/\/www.guiadovinho.com.br\/?page_id=90"},"modified":"2004-03-08T23:59:49","modified_gmt":"2004-03-09T02:59:49","slug":"espumantes","status":"publish","type":"page","link":"https:\/\/guiadovinho.com.br\/?page_id=90","title":{"rendered":"Espumantes"},"content":{"rendered":"<div style=\"width: 458px\" class=\"wp-caption aligncenter\"><img loading=\"lazy\" decoding=\"async\" src=\"https:\/\/guiadovinho.com.br\/fotos\/confraria1.jpg\" alt=\"Restaurante Mir\u00f3 - Bragan\u00e7a Paulista, 08 de mar\u00e7o de 2004.\" width=\"448\" height=\"336\"><p class=\"wp-caption-text\">Restaurante Mir\u00f3 &#8211; Bragan\u00e7a Paulista, 08 de mar\u00e7o de 2004.<\/p><\/div>\n<p><strong>Assunto: Espumantes<\/strong><\/p>\n<p>3\u00ba encontro.<\/p>\n<h3>INTRODU\u00c7\u00c3O<\/h3>\n<p><img loading=\"lazy\" decoding=\"async\" class=\"alignright\" src=\"https:\/\/guiadovinho.com.br\/fotos\/champ.jpg\" width=\"310\" height=\"336\">Os espumantes s\u00e3o vinhos com g\u00e1s carb\u00f4nico dissolvido e mantido sob press\u00e3o.<\/p>\n<p>Esta defini\u00e7\u00e3o simples e curta esconde a primeira vista a complicada&nbsp;e variada t\u00e9cnica de fabrica\u00e7\u00e3o, bem como, a maravilhosa sensa\u00e7\u00e3o que nos atinge quando bebemos um bom espumante.<\/p>\n<p>Existem v\u00e1rias t\u00e9cnicas de fabrica\u00e7\u00e3o, a melhor \u00e9 a utilizada em Champagne, na Fran\u00e7a, chamada &#8220;M\u00e9todo Champenoise&#8221;, logo ap\u00f3s, seguem-se os m\u00e9todos &#8220;Charmat&#8221;, &#8220;Russo&#8221; e &#8220;Frisante&#8221; (menor qualidade).<\/p>\n<p>O m\u00e9todo de Champagne \u00e9 o melhor em v\u00e1rios aspectos, dentre eles:<\/p>\n<p>Apenas 03 uvas podem participar do vinho, Pinot Noir, Pinot Meunier, e Chardonnay;<br \/>\nOs vinhos base e de cuv\u00e8e garantem a homogeneidade ao longo dos anos;<br \/>\nA segunda fermenta\u00e7\u00e3o ocorre na pr\u00f3pria garrafa.<\/p>\n<p>Um bom espumante deve ter uma mousse persistente, bolhas pequenas, acidez destaca-da, frescor e aromas delicados que v\u00e3o desde as frutas e flores brancas e amarelas at\u00e9 l\u00e1cteos, champignons, trufas, minerais.<\/p>\n<h3>PRINCIPAIS REGI\u00d5ES<\/h3>\n<p>Hoje em fia, os espumantes s\u00e3o produzidos em quase todas as regi\u00f5es vin\u00edcolas. Os \u00fani-cos vinhos que podem receber a denomina\u00e7\u00e3o de &#8220;champagne&#8221; s\u00e3o os produzidos nessa regi\u00e3o. Os m\u00e9todos e uvas s\u00e3o variados em cada regi\u00e3o. As principais regi\u00f5es s\u00e3o:<\/p>\n<p>Champagne, Fran\u00e7a &#8211; M\u00e9todo Champenoise;<br \/>\nLoire, Fran\u00e7a &#8211; M\u00e9todo Champenoise e Charmat;<br \/>\nPened\u00e9s, Espanha &#8211; M\u00e9todo Champenoise;<br \/>\nPiemonte, It\u00e1lia &#8211; M\u00e9todo d&#8217;Asti;<br \/>\nV\u00eaneto, It\u00e1lia &#8211; M\u00e9todo Charmat;<br \/>\nVale dos Vinhedos, Brasil &#8211; M\u00e9todo Champenoise e Charmat;<br \/>\nBarossa Valley, Austr\u00e1lia &#8211; M\u00e9todo Champenoise e Charmat;<br \/>\nMarlborough, Nova Zel\u00e2ndia (norte da ilha sul) &#8211; M\u00e9todo Champenoise.<\/p>\n<h3>PRINCIPAIS UVAS<\/h3>\n<p>A Fran\u00e7a produz espumantes a partir de v\u00e1rias uvas, Pinot Noir, Pinot Meunier, Char-donnay, Chenin Blanc, Pinot Blanc, Riesling, Muscadet e Mauzac.<\/p>\n<p>A Espanha utiliza a Macabeo, Paraellada e Xarel-lo. A It\u00e1lia, por sua vez, usa a Prosecco e Moscato. A Austr\u00e1lia e Nova Zel\u00e2ndia produzem a partir da Chardonnay.<\/p>\n<p>O Vale dos Vinhedos no Brasil \u00e9 visto como a terceira melhor regi\u00e3o para a produ\u00e7\u00e3o de espumantes. As principais uvas s\u00e3o Chardonnay, Pinot Noir, Moscatel, Riesling e Pinot Blanc.<\/p>\n<p>No Brasil bastam 70% de uma determinada uva no corte para o vinho ser considerado um varietal.<\/p>\n<h4>ESPUMANTES DEGUSTADOS<\/h4>\n<p>01 &#8211; Marson &#8211; Espumante Moscatel<br \/>\n02 &#8211; Salton &#8211; Espumante Reserva Ouro<br \/>\n03 &#8211; Aurora &#8211; Marcus James<br \/>\n04 &#8211; Marson &#8211; Espumante Brut<br \/>\n05 Aurora &#8211; Espumante Brut<br \/>\n06 &#8211; Casa Gran Caus &#8211; Extra Brut Reserva 1999<br \/>\n07 &#8211; Taittinger &#8211; Brut Reserve<\/p>\n","protected":false},"excerpt":{"rendered":"<p>Assunto: Espumantes 3\u00ba encontro. INTRODU\u00c7\u00c3O Os espumantes s\u00e3o vinhos com g\u00e1s carb\u00f4nico dissolvido e mantido sob press\u00e3o. Esta defini\u00e7\u00e3o simples e curta esconde a primeira vista a complicada&nbsp;e variada t\u00e9cnica de fabrica\u00e7\u00e3o, bem como, a maravilhosa sensa\u00e7\u00e3o que nos atinge quando bebemos um bom espumante. Existem v\u00e1rias t\u00e9cnicas de fabrica\u00e7\u00e3o, a melhor \u00e9 a utilizada [&hellip;]<\/p>\n","protected":false},"author":1,"featured_media":0,"parent":0,"menu_order":0,"comment_status":"closed","ping_status":"closed","template":"","meta":{"footnotes":""},"class_list":["post-90","page","type-page","status-publish","hentry"],"yoast_head":"<!-- This site is optimized with the Yoast SEO plugin v26.9 - https:\/\/yoast.com\/product\/yoast-seo-wordpress\/ -->\n<title>Espumantes - Guia do Vinho<\/title>\n<meta name=\"robots\" content=\"index, follow, max-snippet:-1, max-image-preview:large, max-video-preview:-1\" \/>\n<link rel=\"canonical\" href=\"https:\/\/guiadovinho.com.br\/?page_id=90\" \/>\n<meta property=\"og:locale\" content=\"pt_BR\" \/>\n<meta property=\"og:type\" content=\"article\" \/>\n<meta property=\"og:title\" content=\"Espumantes - Guia do Vinho\" \/>\n<meta property=\"og:description\" content=\"Assunto: Espumantes 3\u00ba encontro. INTRODU\u00c7\u00c3O Os espumantes s\u00e3o vinhos com g\u00e1s carb\u00f4nico dissolvido e mantido sob press\u00e3o. Esta defini\u00e7\u00e3o simples e curta esconde a primeira vista a complicada&nbsp;e variada t\u00e9cnica de fabrica\u00e7\u00e3o, bem como, a maravilhosa sensa\u00e7\u00e3o que nos atinge quando bebemos um bom espumante. Existem v\u00e1rias t\u00e9cnicas de fabrica\u00e7\u00e3o, a melhor \u00e9 a utilizada [&hellip;]\" \/>\n<meta property=\"og:url\" content=\"https:\/\/guiadovinho.com.br\/?page_id=90\" \/>\n<meta property=\"og:site_name\" content=\"Guia do Vinho\" \/>\n<meta property=\"og:image\" content=\"https:\/\/guiadovinho.com.br\/fotos\/confraria1.jpg\" \/>\n<meta name=\"twitter:card\" content=\"summary_large_image\" \/>\n<meta name=\"twitter:label1\" content=\"Est. tempo de leitura\" \/>\n\t<meta name=\"twitter:data1\" content=\"2 minutos\" \/>\n<script type=\"application\/ld+json\" class=\"yoast-schema-graph\">{\"@context\":\"https:\/\/schema.org\",\"@graph\":[{\"@type\":\"WebPage\",\"@id\":\"https:\/\/guiadovinho.com.br\/?page_id=90\",\"url\":\"https:\/\/guiadovinho.com.br\/?page_id=90\",\"name\":\"Espumantes - Guia do Vinho\",\"isPartOf\":{\"@id\":\"https:\/\/guiadovinho.com.br\/#website\"},\"primaryImageOfPage\":{\"@id\":\"https:\/\/guiadovinho.com.br\/?page_id=90#primaryimage\"},\"image\":{\"@id\":\"https:\/\/guiadovinho.com.br\/?page_id=90#primaryimage\"},\"thumbnailUrl\":\"https:\/\/guiadovinho.com.br\/fotos\/confraria1.jpg\",\"datePublished\":\"2004-03-09T02:59:49+00:00\",\"breadcrumb\":{\"@id\":\"https:\/\/guiadovinho.com.br\/?page_id=90#breadcrumb\"},\"inLanguage\":\"pt-BR\",\"potentialAction\":[{\"@type\":\"ReadAction\",\"target\":[\"https:\/\/guiadovinho.com.br\/?page_id=90\"]}]},{\"@type\":\"ImageObject\",\"inLanguage\":\"pt-BR\",\"@id\":\"https:\/\/guiadovinho.com.br\/?page_id=90#primaryimage\",\"url\":\"https:\/\/guiadovinho.com.br\/fotos\/confraria1.jpg\",\"contentUrl\":\"https:\/\/guiadovinho.com.br\/fotos\/confraria1.jpg\"},{\"@type\":\"BreadcrumbList\",\"@id\":\"https:\/\/guiadovinho.com.br\/?page_id=90#breadcrumb\",\"itemListElement\":[{\"@type\":\"ListItem\",\"position\":1,\"name\":\"In\u00edcio\",\"item\":\"https:\/\/guiadovinho.com.br\/\"},{\"@type\":\"ListItem\",\"position\":2,\"name\":\"Espumantes\"}]},{\"@type\":\"WebSite\",\"@id\":\"https:\/\/guiadovinho.com.br\/#website\",\"url\":\"https:\/\/guiadovinho.com.br\/\",\"name\":\"Guia do Vinho\",\"description\":\"O vinho e as coisas boas da vida\",\"publisher\":{\"@id\":\"https:\/\/guiadovinho.com.br\/#organization\"},\"potentialAction\":[{\"@type\":\"SearchAction\",\"target\":{\"@type\":\"EntryPoint\",\"urlTemplate\":\"https:\/\/guiadovinho.com.br\/?s={search_term_string}\"},\"query-input\":{\"@type\":\"PropertyValueSpecification\",\"valueRequired\":true,\"valueName\":\"search_term_string\"}}],\"inLanguage\":\"pt-BR\"},{\"@type\":\"Organization\",\"@id\":\"https:\/\/guiadovinho.com.br\/#organization\",\"name\":\"Guia do Vinho\",\"url\":\"https:\/\/guiadovinho.com.br\/\",\"logo\":{\"@type\":\"ImageObject\",\"inLanguage\":\"pt-BR\",\"@id\":\"https:\/\/guiadovinho.com.br\/#\/schema\/logo\/image\/\",\"url\":\"https:\/\/guiadovinho.com.br\/wp-content\/uploads\/2019\/12\/logo_guia_do_vinho.jpg\",\"contentUrl\":\"https:\/\/guiadovinho.com.br\/wp-content\/uploads\/2019\/12\/logo_guia_do_vinho.jpg\",\"width\":279,\"height\":68,\"caption\":\"Guia do Vinho\"},\"image\":{\"@id\":\"https:\/\/guiadovinho.com.br\/#\/schema\/logo\/image\/\"}}]}<\/script>\n<!-- \/ Yoast SEO plugin. -->","yoast_head_json":{"title":"Espumantes - Guia do Vinho","robots":{"index":"index","follow":"follow","max-snippet":"max-snippet:-1","max-image-preview":"max-image-preview:large","max-video-preview":"max-video-preview:-1"},"canonical":"https:\/\/guiadovinho.com.br\/?page_id=90","og_locale":"pt_BR","og_type":"article","og_title":"Espumantes - Guia do Vinho","og_description":"Assunto: Espumantes 3\u00ba encontro. INTRODU\u00c7\u00c3O Os espumantes s\u00e3o vinhos com g\u00e1s carb\u00f4nico dissolvido e mantido sob press\u00e3o. Esta defini\u00e7\u00e3o simples e curta esconde a primeira vista a complicada&nbsp;e variada t\u00e9cnica de fabrica\u00e7\u00e3o, bem como, a maravilhosa sensa\u00e7\u00e3o que nos atinge quando bebemos um bom espumante. Existem v\u00e1rias t\u00e9cnicas de fabrica\u00e7\u00e3o, a melhor \u00e9 a utilizada [&hellip;]","og_url":"https:\/\/guiadovinho.com.br\/?page_id=90","og_site_name":"Guia do Vinho","og_image":[{"url":"https:\/\/guiadovinho.com.br\/fotos\/confraria1.jpg","type":"","width":"","height":""}],"twitter_card":"summary_large_image","twitter_misc":{"Est. tempo de leitura":"2 minutos"},"schema":{"@context":"https:\/\/schema.org","@graph":[{"@type":"WebPage","@id":"https:\/\/guiadovinho.com.br\/?page_id=90","url":"https:\/\/guiadovinho.com.br\/?page_id=90","name":"Espumantes - Guia do Vinho","isPartOf":{"@id":"https:\/\/guiadovinho.com.br\/#website"},"primaryImageOfPage":{"@id":"https:\/\/guiadovinho.com.br\/?page_id=90#primaryimage"},"image":{"@id":"https:\/\/guiadovinho.com.br\/?page_id=90#primaryimage"},"thumbnailUrl":"https:\/\/guiadovinho.com.br\/fotos\/confraria1.jpg","datePublished":"2004-03-09T02:59:49+00:00","breadcrumb":{"@id":"https:\/\/guiadovinho.com.br\/?page_id=90#breadcrumb"},"inLanguage":"pt-BR","potentialAction":[{"@type":"ReadAction","target":["https:\/\/guiadovinho.com.br\/?page_id=90"]}]},{"@type":"ImageObject","inLanguage":"pt-BR","@id":"https:\/\/guiadovinho.com.br\/?page_id=90#primaryimage","url":"https:\/\/guiadovinho.com.br\/fotos\/confraria1.jpg","contentUrl":"https:\/\/guiadovinho.com.br\/fotos\/confraria1.jpg"},{"@type":"BreadcrumbList","@id":"https:\/\/guiadovinho.com.br\/?page_id=90#breadcrumb","itemListElement":[{"@type":"ListItem","position":1,"name":"In\u00edcio","item":"https:\/\/guiadovinho.com.br\/"},{"@type":"ListItem","position":2,"name":"Espumantes"}]},{"@type":"WebSite","@id":"https:\/\/guiadovinho.com.br\/#website","url":"https:\/\/guiadovinho.com.br\/","name":"Guia do Vinho","description":"O vinho e as coisas boas da vida","publisher":{"@id":"https:\/\/guiadovinho.com.br\/#organization"},"potentialAction":[{"@type":"SearchAction","target":{"@type":"EntryPoint","urlTemplate":"https:\/\/guiadovinho.com.br\/?s={search_term_string}"},"query-input":{"@type":"PropertyValueSpecification","valueRequired":true,"valueName":"search_term_string"}}],"inLanguage":"pt-BR"},{"@type":"Organization","@id":"https:\/\/guiadovinho.com.br\/#organization","name":"Guia do Vinho","url":"https:\/\/guiadovinho.com.br\/","logo":{"@type":"ImageObject","inLanguage":"pt-BR","@id":"https:\/\/guiadovinho.com.br\/#\/schema\/logo\/image\/","url":"https:\/\/guiadovinho.com.br\/wp-content\/uploads\/2019\/12\/logo_guia_do_vinho.jpg","contentUrl":"https:\/\/guiadovinho.com.br\/wp-content\/uploads\/2019\/12\/logo_guia_do_vinho.jpg","width":279,"height":68,"caption":"Guia do Vinho"},"image":{"@id":"https:\/\/guiadovinho.com.br\/#\/schema\/logo\/image\/"}}]}},"_links":{"self":[{"href":"https:\/\/guiadovinho.com.br\/index.php?rest_route=\/wp\/v2\/pages\/90","targetHints":{"allow":["GET"]}}],"collection":[{"href":"https:\/\/guiadovinho.com.br\/index.php?rest_route=\/wp\/v2\/pages"}],"about":[{"href":"https:\/\/guiadovinho.com.br\/index.php?rest_route=\/wp\/v2\/types\/page"}],"author":[{"embeddable":true,"href":"https:\/\/guiadovinho.com.br\/index.php?rest_route=\/wp\/v2\/users\/1"}],"replies":[{"embeddable":true,"href":"https:\/\/guiadovinho.com.br\/index.php?rest_route=%2Fwp%2Fv2%2Fcomments&post=90"}],"version-history":[{"count":0,"href":"https:\/\/guiadovinho.com.br\/index.php?rest_route=\/wp\/v2\/pages\/90\/revisions"}],"wp:attachment":[{"href":"https:\/\/guiadovinho.com.br\/index.php?rest_route=%2Fwp%2Fv2%2Fmedia&parent=90"}],"curies":[{"name":"wp","href":"https:\/\/api.w.org\/{rel}","templated":true}]}}