{"id":361,"date":"2016-12-05T19:14:41","date_gmt":"2016-12-05T21:14:41","guid":{"rendered":"http:\/\/www.guiadovinho.com.br\/?page_id=361"},"modified":"2016-12-05T19:14:41","modified_gmt":"2016-12-05T21:14:41","slug":"tipos-de-uva","status":"publish","type":"page","link":"https:\/\/guiadovinho.com.br\/?page_id=361","title":{"rendered":"Tipos de Uva"},"content":{"rendered":"<p><img loading=\"lazy\" decoding=\"async\" class=\"alignright wp-image-447 size-full\" src=\"https:\/\/guiadovinho.com.br\/wp-content\/uploads\/2016\/12\/tipos_de_uva_vinho.png\" alt=\"Tipos de uvas para fazer vinho\" width=\"320\" height=\"240\" srcset=\"https:\/\/guiadovinho.com.br\/wp-content\/uploads\/2016\/12\/tipos_de_uva_vinho.png 320w, https:\/\/guiadovinho.com.br\/wp-content\/uploads\/2016\/12\/tipos_de_uva_vinho-300x225.png 300w\" sizes=\"auto, (max-width: 320px) 100vw, 320px\" \/>Conhe\u00e7a sobre as <em>uvas vin\u00edferas<\/em> usadas na elabora\u00e7\u00e3o dos vinhos tintos, ros\u00e9s, brancos e espumantes:<\/p>\n<ul class=\"sub-menu\">\n<li style=\"list-style-type: none;\">\n<ul class=\"sub-menu\">\n<li id=\"menu-item-364\" class=\"menu-item menu-item-type-post_type menu-item-object-post menu-item-364\"><a href=\"https:\/\/guiadovinho.com.br\/a-uva-riesling\/\">A Uva Riesling<\/a><\/li>\n<\/ul>\n<\/li>\n<\/ul>\n<ul class=\"sub-menu\">\n<li style=\"list-style-type: none;\">\n<ul class=\"sub-menu\">\n<li id=\"menu-item-365\" class=\"menu-item menu-item-type-post_type menu-item-object-post menu-item-365\"><a href=\"https:\/\/guiadovinho.com.br\/a-uva-cabernet-franc\/\">A Uva Cabernet Franc<\/a><\/li>\n<\/ul>\n<\/li>\n<\/ul>\n<ul class=\"sub-menu\">\n<li style=\"list-style-type: none;\">\n<ul class=\"sub-menu\">\n<li id=\"menu-item-366\" class=\"menu-item menu-item-type-post_type menu-item-object-post menu-item-366\"><a href=\"https:\/\/guiadovinho.com.br\/a-uva-pinot-noir\/\">A Uva Pinot Noir<\/a><\/li>\n<\/ul>\n<\/li>\n<\/ul>\n<ul class=\"sub-menu\">\n<li style=\"list-style-type: none;\">\n<ul class=\"sub-menu\">\n<li id=\"menu-item-367\" class=\"menu-item menu-item-type-post_type menu-item-object-post menu-item-367\"><a href=\"https:\/\/guiadovinho.com.br\/a-uva-grenache-garnacha\/\">A Uva Grenache \u2013 Garnacha<\/a><\/li>\n<\/ul>\n<\/li>\n<\/ul>\n<ul class=\"sub-menu\">\n<li style=\"list-style-type: none;\">\n<ul class=\"sub-menu\">\n<li id=\"menu-item-368\" class=\"menu-item menu-item-type-post_type menu-item-object-post menu-item-368\"><a href=\"https:\/\/guiadovinho.com.br\/a-uva-chardonnay\/\">A Uva Chardonnay<\/a><\/li>\n<\/ul>\n<\/li>\n<\/ul>\n<ul class=\"sub-menu\">\n<li style=\"list-style-type: none;\">\n<ul class=\"sub-menu\">\n<li id=\"menu-item-369\" class=\"menu-item menu-item-type-post_type menu-item-object-post menu-item-369\"><a href=\"https:\/\/guiadovinho.com.br\/a-uva-cabernet-sauvignon\/\">A Uva Cabernet Sauvignon<\/a><\/li>\n<\/ul>\n<\/li>\n<\/ul>\n<ul class=\"sub-menu\">\n<li style=\"list-style-type: none;\">\n<ul class=\"sub-menu\">\n<li id=\"menu-item-370\" class=\"menu-item menu-item-type-post_type menu-item-object-post menu-item-370\"><a href=\"https:\/\/guiadovinho.com.br\/a-uva-tempranillo\/\">A Uva Tempranillo<\/a><\/li>\n<\/ul>\n<\/li>\n<\/ul>\n<ul class=\"sub-menu\">\n<li style=\"list-style-type: none;\">\n<ul class=\"sub-menu\">\n<li id=\"menu-item-371\" class=\"menu-item menu-item-type-post_type menu-item-object-post menu-item-371\"><a href=\"https:\/\/guiadovinho.com.br\/a-uva-merlot\/\">A Uva Merlot<\/a><\/li>\n<\/ul>\n<\/li>\n<\/ul>\n<ul class=\"sub-menu\">\n<li style=\"list-style-type: none;\">\n<ul class=\"sub-menu\">\n<li id=\"menu-item-372\" class=\"menu-item menu-item-type-post_type menu-item-object-post menu-item-372\"><a href=\"https:\/\/guiadovinho.com.br\/a-uva-sangiovese\/\">A Uva Sangiovese<\/a><\/li>\n<\/ul>\n<\/li>\n<\/ul>\n<ul class=\"sub-menu\">\n<li style=\"list-style-type: none;\">\n<ul class=\"sub-menu\">\n<li id=\"menu-item-397\" class=\"menu-item menu-item-type-post_type menu-item-object-post menu-item-397\"><a href=\"https:\/\/guiadovinho.com.br\/a-uva-syrah\/\">A Uva Syrah<\/a><\/li>\n<li class=\"menu-item menu-item-type-post_type menu-item-object-post menu-item-397\"><a href=\"https:\/\/guiadovinho.com.br\/as-uvas-primitivo-e-aglianico\/\">As Uvas: Primitivo e Aglianico<\/a><\/li>\n<li><a href=\"https:\/\/guiadovinho.com.br\/a-uva-tannat-e-seus-varietais-espetaculares\/\">A Uva Tannat<\/a><\/li>\n<\/ul>\n<\/li>\n<\/ul>\n\n\n<p><\/p>\n","protected":false},"excerpt":{"rendered":"<p>Conhe\u00e7a sobre as uvas vin\u00edferas usadas na elabora\u00e7\u00e3o dos vinhos tintos, ros\u00e9s, brancos e espumantes: A Uva Riesling A Uva Cabernet Franc A Uva Pinot Noir A Uva Grenache \u2013 Garnacha A Uva Chardonnay A Uva Cabernet Sauvignon A Uva Tempranillo A Uva Merlot A Uva Sangiovese A Uva Syrah As Uvas: Primitivo e Aglianico [&hellip;]<\/p>\n","protected":false},"author":1,"featured_media":0,"parent":0,"menu_order":0,"comment_status":"closed","ping_status":"closed","template":"","meta":{"footnotes":""},"class_list":["post-361","page","type-page","status-publish","hentry"],"yoast_head":"<!-- This site is optimized with the Yoast SEO plugin v26.9 - https:\/\/yoast.com\/product\/yoast-seo-wordpress\/ -->\n<title>Tipos de Uva - Guia do Vinho<\/title>\n<meta name=\"robots\" content=\"index, follow, max-snippet:-1, max-image-preview:large, max-video-preview:-1\" \/>\n<link rel=\"canonical\" href=\"https:\/\/guiadovinho.com.br\/?page_id=361\" \/>\n<meta property=\"og:locale\" content=\"pt_BR\" \/>\n<meta property=\"og:type\" content=\"article\" \/>\n<meta property=\"og:title\" content=\"Tipos de Uva - Guia do Vinho\" \/>\n<meta property=\"og:description\" content=\"Conhe\u00e7a sobre as uvas vin\u00edferas usadas na elabora\u00e7\u00e3o dos vinhos tintos, ros\u00e9s, brancos e espumantes: A Uva Riesling A Uva Cabernet Franc A Uva Pinot Noir A Uva Grenache \u2013 Garnacha A Uva Chardonnay A Uva Cabernet Sauvignon A Uva Tempranillo A Uva Merlot A Uva Sangiovese A Uva Syrah As Uvas: Primitivo e Aglianico [&hellip;]\" \/>\n<meta property=\"og:url\" content=\"https:\/\/guiadovinho.com.br\/?page_id=361\" \/>\n<meta property=\"og:site_name\" content=\"Guia do Vinho\" \/>\n<meta property=\"og:image\" content=\"https:\/\/guiadovinho.com.br\/wp-content\/uploads\/2016\/12\/tipos_de_uva_vinho.png\" \/>\n<meta name=\"twitter:card\" content=\"summary_large_image\" \/>\n<script type=\"application\/ld+json\" class=\"yoast-schema-graph\">{\"@context\":\"https:\/\/schema.org\",\"@graph\":[{\"@type\":\"WebPage\",\"@id\":\"https:\/\/guiadovinho.com.br\/?page_id=361\",\"url\":\"https:\/\/guiadovinho.com.br\/?page_id=361\",\"name\":\"Tipos de Uva - Guia do Vinho\",\"isPartOf\":{\"@id\":\"https:\/\/guiadovinho.com.br\/#website\"},\"primaryImageOfPage\":{\"@id\":\"https:\/\/guiadovinho.com.br\/?page_id=361#primaryimage\"},\"image\":{\"@id\":\"https:\/\/guiadovinho.com.br\/?page_id=361#primaryimage\"},\"thumbnailUrl\":\"https:\/\/guiadovinho.com.br\/wp-content\/uploads\/2016\/12\/tipos_de_uva_vinho.png\",\"datePublished\":\"2016-12-05T21:14:41+00:00\",\"breadcrumb\":{\"@id\":\"https:\/\/guiadovinho.com.br\/?page_id=361#breadcrumb\"},\"inLanguage\":\"pt-BR\",\"potentialAction\":[{\"@type\":\"ReadAction\",\"target\":[\"https:\/\/guiadovinho.com.br\/?page_id=361\"]}]},{\"@type\":\"ImageObject\",\"inLanguage\":\"pt-BR\",\"@id\":\"https:\/\/guiadovinho.com.br\/?page_id=361#primaryimage\",\"url\":\"https:\/\/guiadovinho.com.br\/wp-content\/uploads\/2016\/12\/tipos_de_uva_vinho.png\",\"contentUrl\":\"https:\/\/guiadovinho.com.br\/wp-content\/uploads\/2016\/12\/tipos_de_uva_vinho.png\",\"width\":320,\"height\":240,\"caption\":\"Tipos de uvas para fazer vinho\"},{\"@type\":\"BreadcrumbList\",\"@id\":\"https:\/\/guiadovinho.com.br\/?page_id=361#breadcrumb\",\"itemListElement\":[{\"@type\":\"ListItem\",\"position\":1,\"name\":\"In\u00edcio\",\"item\":\"https:\/\/guiadovinho.com.br\/\"},{\"@type\":\"ListItem\",\"position\":2,\"name\":\"Tipos de Uva\"}]},{\"@type\":\"WebSite\",\"@id\":\"https:\/\/guiadovinho.com.br\/#website\",\"url\":\"https:\/\/guiadovinho.com.br\/\",\"name\":\"Guia do Vinho\",\"description\":\"O vinho e as coisas boas da vida\",\"publisher\":{\"@id\":\"https:\/\/guiadovinho.com.br\/#organization\"},\"potentialAction\":[{\"@type\":\"SearchAction\",\"target\":{\"@type\":\"EntryPoint\",\"urlTemplate\":\"https:\/\/guiadovinho.com.br\/?s={search_term_string}\"},\"query-input\":{\"@type\":\"PropertyValueSpecification\",\"valueRequired\":true,\"valueName\":\"search_term_string\"}}],\"inLanguage\":\"pt-BR\"},{\"@type\":\"Organization\",\"@id\":\"https:\/\/guiadovinho.com.br\/#organization\",\"name\":\"Guia do Vinho\",\"url\":\"https:\/\/guiadovinho.com.br\/\",\"logo\":{\"@type\":\"ImageObject\",\"inLanguage\":\"pt-BR\",\"@id\":\"https:\/\/guiadovinho.com.br\/#\/schema\/logo\/image\/\",\"url\":\"https:\/\/guiadovinho.com.br\/wp-content\/uploads\/2019\/12\/logo_guia_do_vinho.jpg\",\"contentUrl\":\"https:\/\/guiadovinho.com.br\/wp-content\/uploads\/2019\/12\/logo_guia_do_vinho.jpg\",\"width\":279,\"height\":68,\"caption\":\"Guia do Vinho\"},\"image\":{\"@id\":\"https:\/\/guiadovinho.com.br\/#\/schema\/logo\/image\/\"}}]}<\/script>\n<!-- \/ Yoast SEO plugin. -->","yoast_head_json":{"title":"Tipos de Uva - Guia do Vinho","robots":{"index":"index","follow":"follow","max-snippet":"max-snippet:-1","max-image-preview":"max-image-preview:large","max-video-preview":"max-video-preview:-1"},"canonical":"https:\/\/guiadovinho.com.br\/?page_id=361","og_locale":"pt_BR","og_type":"article","og_title":"Tipos de Uva - Guia do Vinho","og_description":"Conhe\u00e7a sobre as uvas vin\u00edferas usadas na elabora\u00e7\u00e3o dos vinhos tintos, ros\u00e9s, brancos e espumantes: A Uva Riesling A Uva Cabernet Franc A Uva Pinot Noir A Uva Grenache \u2013 Garnacha A Uva Chardonnay A Uva Cabernet Sauvignon A Uva Tempranillo A Uva Merlot A Uva Sangiovese A Uva Syrah As Uvas: Primitivo e Aglianico [&hellip;]","og_url":"https:\/\/guiadovinho.com.br\/?page_id=361","og_site_name":"Guia do Vinho","og_image":[{"url":"https:\/\/guiadovinho.com.br\/wp-content\/uploads\/2016\/12\/tipos_de_uva_vinho.png","type":"","width":"","height":""}],"twitter_card":"summary_large_image","schema":{"@context":"https:\/\/schema.org","@graph":[{"@type":"WebPage","@id":"https:\/\/guiadovinho.com.br\/?page_id=361","url":"https:\/\/guiadovinho.com.br\/?page_id=361","name":"Tipos de Uva - Guia do Vinho","isPartOf":{"@id":"https:\/\/guiadovinho.com.br\/#website"},"primaryImageOfPage":{"@id":"https:\/\/guiadovinho.com.br\/?page_id=361#primaryimage"},"image":{"@id":"https:\/\/guiadovinho.com.br\/?page_id=361#primaryimage"},"thumbnailUrl":"https:\/\/guiadovinho.com.br\/wp-content\/uploads\/2016\/12\/tipos_de_uva_vinho.png","datePublished":"2016-12-05T21:14:41+00:00","breadcrumb":{"@id":"https:\/\/guiadovinho.com.br\/?page_id=361#breadcrumb"},"inLanguage":"pt-BR","potentialAction":[{"@type":"ReadAction","target":["https:\/\/guiadovinho.com.br\/?page_id=361"]}]},{"@type":"ImageObject","inLanguage":"pt-BR","@id":"https:\/\/guiadovinho.com.br\/?page_id=361#primaryimage","url":"https:\/\/guiadovinho.com.br\/wp-content\/uploads\/2016\/12\/tipos_de_uva_vinho.png","contentUrl":"https:\/\/guiadovinho.com.br\/wp-content\/uploads\/2016\/12\/tipos_de_uva_vinho.png","width":320,"height":240,"caption":"Tipos de uvas para fazer vinho"},{"@type":"BreadcrumbList","@id":"https:\/\/guiadovinho.com.br\/?page_id=361#breadcrumb","itemListElement":[{"@type":"ListItem","position":1,"name":"In\u00edcio","item":"https:\/\/guiadovinho.com.br\/"},{"@type":"ListItem","position":2,"name":"Tipos de Uva"}]},{"@type":"WebSite","@id":"https:\/\/guiadovinho.com.br\/#website","url":"https:\/\/guiadovinho.com.br\/","name":"Guia do Vinho","description":"O vinho e as coisas boas da vida","publisher":{"@id":"https:\/\/guiadovinho.com.br\/#organization"},"potentialAction":[{"@type":"SearchAction","target":{"@type":"EntryPoint","urlTemplate":"https:\/\/guiadovinho.com.br\/?s={search_term_string}"},"query-input":{"@type":"PropertyValueSpecification","valueRequired":true,"valueName":"search_term_string"}}],"inLanguage":"pt-BR"},{"@type":"Organization","@id":"https:\/\/guiadovinho.com.br\/#organization","name":"Guia do Vinho","url":"https:\/\/guiadovinho.com.br\/","logo":{"@type":"ImageObject","inLanguage":"pt-BR","@id":"https:\/\/guiadovinho.com.br\/#\/schema\/logo\/image\/","url":"https:\/\/guiadovinho.com.br\/wp-content\/uploads\/2019\/12\/logo_guia_do_vinho.jpg","contentUrl":"https:\/\/guiadovinho.com.br\/wp-content\/uploads\/2019\/12\/logo_guia_do_vinho.jpg","width":279,"height":68,"caption":"Guia do Vinho"},"image":{"@id":"https:\/\/guiadovinho.com.br\/#\/schema\/logo\/image\/"}}]}},"_links":{"self":[{"href":"https:\/\/guiadovinho.com.br\/index.php?rest_route=\/wp\/v2\/pages\/361","targetHints":{"allow":["GET"]}}],"collection":[{"href":"https:\/\/guiadovinho.com.br\/index.php?rest_route=\/wp\/v2\/pages"}],"about":[{"href":"https:\/\/guiadovinho.com.br\/index.php?rest_route=\/wp\/v2\/types\/page"}],"author":[{"embeddable":true,"href":"https:\/\/guiadovinho.com.br\/index.php?rest_route=\/wp\/v2\/users\/1"}],"replies":[{"embeddable":true,"href":"https:\/\/guiadovinho.com.br\/index.php?rest_route=%2Fwp%2Fv2%2Fcomments&post=361"}],"version-history":[{"count":0,"href":"https:\/\/guiadovinho.com.br\/index.php?rest_route=\/wp\/v2\/pages\/361\/revisions"}],"wp:attachment":[{"href":"https:\/\/guiadovinho.com.br\/index.php?rest_route=%2Fwp%2Fv2%2Fmedia&parent=361"}],"curies":[{"name":"wp","href":"https:\/\/api.w.org\/{rel}","templated":true}]}}