{"id":304,"date":"2003-02-20T13:44:59","date_gmt":"2003-02-20T16:44:59","guid":{"rendered":"http:\/\/www.guiadovinho.com.br\/?page_id=304"},"modified":"2024-06-21T20:37:18","modified_gmt":"2024-06-21T23:37:18","slug":"cantores-de-jazz","status":"publish","type":"page","link":"https:\/\/guiadovinho.com.br\/?page_id=304","title":{"rendered":"Cantores(as) de Jazz"},"content":{"rendered":"<p>&nbsp;<\/p>\n<table width=\"754\">\n<tbody>\n<tr>\n<td valign=\"Top\" width=\"50%\">Estou de Volta para dizer que temos brasileiros concorrendo respectivamente a Melhor Cantora de Jazz; Luciana Souza; A brasileira radicada nos EUA h\u00e1 15 anos disputa o pr\u00eamio de melhor \u00e1lbum vocal de jazz com seu mais recente trabalho, <em>Brazilian Duos<\/em>.E o baterista Duduka da Fonseca, com seu <em>Samba Jazz Fantasia<\/em> (Malandro Records). Mesmo que eles n\u00e3o ganhem j\u00e1 vale a indica\u00e7\u00e3o, e pra quem estava presente ao <em>Chivas Jazz Festival <\/em>e conferiu o Show da Luciana, j\u00e1 sabe que ela tem potencial.Na Coluna passada, falamos sobre as <strong>BIG BANDS<\/strong>, muito bem, nesta coluna vamos falar de algumas pessoas que eram \u201cas vozes\u201d dessas <strong>BIG BANDS, <\/strong>estou referindo-me aos vocalistas, pois ao contr\u00e1rio do que muita gente pensa o JAZZ n\u00e3o \u00e9 um g\u00eanero meramente Instrumental, algumas swing bands tinham na sua linha de frente cantores e cantoras que mais tarde viriam a se tornar sin\u00f4nimo de jazz, como \u00e9 o caso de <strong><em>Sarah Vaughan <\/em><\/strong>que fora contratada pela <strong>BIG BAND <\/strong>de Earl Hines; ou ent\u00e3o <strong><em>Ella Fitzgerald:<\/em><\/strong>aclamada <em>\u201ca 1<sup>a<\/sup> Dama da M\u00fasica\u201d,<\/em> quando em 1934, ent\u00e3o com apenas 17 anos, ela apareceu no <em>Apollo Theater <\/em>no harlem como vencedora de um concurso amador cantando <em>\u201cJudy<\/em>\u201d, Chamando assim a aten\u00e7\u00e3o de <strong><em>Chick Webb<\/em><\/strong> da Orquestra de <strong><em>Benny Carter.<\/em><\/strong> Aben\u00e7oada com uma Linda Voz Rouca, Fitzgerald era tamb\u00e9m uma brilhante cantora de \u201c<em>scat\u201d.<\/em><\/p>\n<p><strong><em>Louis Armstrong: <\/em><\/strong>at\u00e9 hoje \u00e9 sin\u00f4nimo de Jazz em qualquer parte do Mundo. <em>\u201cSatchmo\u201d<\/em> como era conhecido, foi o trompetista que influenciou v\u00e1rias gera\u00e7\u00f5es de Jazzistas com seu virtuosismo e voz grave caracter\u00edstica. Um dos seus primeiros sucessos foi a can\u00e7\u00e3o <em>\u201cAin\u2019t Misbehavin\u201d, <\/em>cuja letra falava do descompromisso da ent\u00e3o nova gera\u00e7\u00e3o com as tradi\u00e7\u00f5es vigentes<em>.<\/em><\/p>\n<p><strong><em><img loading=\"lazy\" decoding=\"async\" class=\"alignleft\" src=\"https:\/\/guiadovinho.com.br\/fotos\/billie_holiday.jpg\" alt=\"Billie Holliday\" width=\"144\" height=\"192\" align=\"left\" hspace=\"12\" \/><b><\/b>Billie Holliday <\/em><\/strong>foi uma das mais cultuadas damas do jazz, e assim, era vista no mundo todo. Foi uma das Cantoras que mais influenciou a musica de seu tempo, com sua voz rouca e triste. Cantou em diversas bandas e apareceu em filmes como \u201cNew Orleans\u201d de 1947.<\/td>\n<td valign=\"Top\" width=\"50%\"><strong><em>Sarah Vaughan<\/em><\/strong>: Detentora de uma das mais Maravilhosas vozes do s\u00e9culo 20, <em>Sarah Vaughan<\/em>juntamente com <em>Ella Fitzgerald e Billie Holliday, <\/em>est\u00e1 no topo como uma das mais expressivas cantoras de jazz.<img loading=\"lazy\" decoding=\"async\" class=\"alignleft\" src=\"https:\/\/guiadovinho.com.br\/fotos\/natkingcole.jpg\" alt=\"Nat King Cole\" width=\"150\" height=\"192\" align=\"left\" hspace=\"12\" \/>Temos Tamb\u00e9m <strong><em>Nat King Cole<\/em><\/strong>que n\u00e3o chegou a liderar uma big band, mas se mostrou um ex\u00edmio pianista de swing, inspirado por <em>Earl Hines <\/em>e grandemente influenciado por<em>Oscar Peterson. <strong>Frank Sinatra<\/strong><\/em>foi sem sombra de d\u00favida o mais importante cantor da m\u00fasica popular americana do s\u00e9culo 20. Ele \u201capareceu\u201d durante a era do swing, de 1930 a meados da d\u00e9cada de 40, ajudou a criar uma \u201ccara\u201d para a chamada \u201cEra do Canto\u201d nos anos 40 e 50, e continuou atraindo multid\u00f5es de ouvintes mesmo durante a era do Rock que teve seu inicio em meados dos anos 50. Teve seu 1<sup>o<\/sup> Hit (n\u00ba 1 das Paradas) em 1940 e ainda estava vendendo Milh\u00f5es em 1994.<\/p>\n<p><img loading=\"lazy\" decoding=\"async\" class=\"alignleft\" src=\"https:\/\/guiadovinho.com.br\/fotos\/chetbaker.jpg\" alt=\"Chet Baker\" width=\"112\" height=\"120\" align=\"left\" hspace=\"12\" \/>Claro n\u00e3o poderei esquecer, (ainda mais eu f\u00e3 de Cool Jazz) <strong><em>Chet Baker<\/em><\/strong>que alem de ser um \u00f3timo trompetista ainda cantava bem, com um timbre de voz que lhe era peculiar E muitos Outros Cantores e Cantoras que Cravaram seus nomes na Cal\u00e7ada da fama do Jazz; Ainda bem que, no que diz respeito ao Jazz, muitos outros m\u00fasicos ainda deixar\u00e3o seus nomes, pra posteridade ou se voc\u00ea preferir, para a nova gera\u00e7\u00e3o seja ela formada por novos ouvintes ou ainda de futuros m\u00fasicos.<\/p>\n<p>Falando em novos M\u00fasicos, eu citei na introdu\u00e7\u00e3o <strong>Luciana Souza<\/strong>, que concorre ao Grammy de melhor vocal de jazz, juntamente com <strong>Diana Krall<\/strong> (Live in Paris); <strong>Etta Jones<\/strong> (Etta Jones sings Lady Day); <strong>Nathalie Cole<\/strong> (Ask a Woman Who Knows) e <strong>Patti Austin<\/strong> (For Ella). J\u00e1 que estamos no assunto \u201cGrammy\u201d aqui v\u00e3o os indicados a categoria Jazz:<\/td>\n<\/tr>\n<\/tbody>\n<\/table>\n<p>&nbsp;<\/p>\n<table>\n<tbody>\n<tr>\n<td width=\"756\"><em>Categoria 47 &#8211; Melhor Solo Instrumental em Jazz<\/em><em>\u2022 Naima &#8212; Michael Brecker (solista): Album: Directions In Music (Herbie Hancock, Michael Brecker &amp; Roy Hargrove)<\/em><em>\u2022 <\/em><em>Chelsea<\/em> <em>Bridge<\/em><em> &#8212; Pete Christlieb (solista): Album: This Is The Moment (Sammy Nestico)<\/em><em>\u2022 Sunset &amp; The Mockingbird &#8212; Tommy Flanagan (solista): Album: A Great Night In <\/em><em>Harlem<\/em><em> (Various Artists)<\/em><em>\u2022 My Ship &#8212; Herbie Hancock (solista): Album: Directions In Music (Herbie Hancock, Michael Brecker &amp; Roy Hargrove)<\/em><em>\u2022 Proof &#8211; Pat Metheny (solista): Album: Speaking Of Now<\/em><em>Categoria 48 \u2013 Melhor \u00c1lbum Jazz Instrumental (Grupo ou Individual)<\/em><em>\u2022 Triangulo &#8212; Michel Camilo<\/em><em>\u2022 The Infinite &#8212; Dave Douglas<\/em><em>\u2022 Directions In Music &#8212; Herbie Hancock, Michael Brecker &amp; Roy Hargrove<\/em><em>\u2022 Footprints Live! &#8212; <\/em><em>Wayne<\/em><em> Shorter<\/em><em>\u2022 Plays John Coltrane &#8211; Live At The Village Vanguard &#8212; McCoy Tyner<\/em>Categoria 49 \u2013 Melhor \u00e1lbum de Big Band\u2022 Jazz Matinee &#8212; Slide Hampton And SWR Big Band\u2022 What Goes Around &#8212; Dave Holland Big Band\u2022 Tonight At Noon&#8230;Three Or Four Shades Of Love &#8212; Mingus Big Band\u2022 This Is The Moment &#8212; Sammy Nestico\u2022 Can I Persuade You? &#8212; The Vanguard Jazz OrchestraCategoria 50 \u2013 Melhor \u00e1lbum de Jazz Latino (Vocal ou Instrumental).\u2022 Alma De Santiago &#8212; Jane Bunnett\u2022 The Gathering &#8212; Caribbean Jazz Project\u2022 Samba Jazz Fantasia &#8212; Duduka Da Fonseca\u2022 S.F. Bay &#8212; John Santos And The Machete Ensemble \u2022 Sentir &#8212; Omar Sosa<\/td>\n<\/tr>\n<\/tbody>\n<\/table>\n<table width=\"756\">\n<tbody>\n<tr>\n<td width=\"756\">Bem, Fa\u00e7am suas apostas, vamos torcer pelos Brasileiros, afinal de contas, ter um \u00c1lbum cantado em portugu\u00eas e mesmo assim ser indicado a melhor \u00e1lbum Vocal Feminino de Jazz, j\u00e1 \u00e9 muito bom, massageia o ego d\u00e1 orgulho. (pelo menos alguma coisa do que se orgulhar).Festa do Grammy 23 de fevereiro de 2003.<\/p>\n<p>Para maiores informa\u00e7\u00f5es:<\/p>\n<ul>\n<li><a href=\"http:\/\/www.grammy.com\">www.grammy.com<\/a><\/li>\n<li><a href=\"http:\/\/www.dianakrall.com\/\">www.dianakrall.com<\/a><\/li>\n<li><a href=\"http:\/\/www.lucianasouza.com\/index.html\">www.lucianasouza.com<\/a><\/li>\n<li><a href=\"http:\/\/www.allaboutjazz.com\/index.html\">www.allaboutjazz.com<\/a><\/li>\n<li><a href=\"http:\/\/www.wbgo.org\">www.wbgo.org<\/a> (R\u00e1dio de Jazz On-Line)<\/li>\n<\/ul>\n<\/td>\n<\/tr>\n<\/tbody>\n<\/table>\n<p>&nbsp;<\/p>\n<p><em>At\u00e9 a pr\u00f3xima<\/em><\/p>\n","protected":false},"excerpt":{"rendered":"<p>&nbsp; Estou de Volta para dizer que temos brasileiros concorrendo respectivamente a Melhor Cantora de Jazz; Luciana Souza; A brasileira radicada nos EUA h\u00e1 15 anos disputa o pr\u00eamio de melhor \u00e1lbum vocal de jazz com seu mais recente trabalho, Brazilian Duos.E o baterista Duduka da Fonseca, com seu Samba Jazz Fantasia (Malandro Records). Mesmo [&hellip;]<\/p>\n","protected":false},"author":1,"featured_media":0,"parent":0,"menu_order":0,"comment_status":"closed","ping_status":"closed","template":"","meta":{"footnotes":""},"class_list":["post-304","page","type-page","status-publish","hentry"],"yoast_head":"<!-- This site is optimized with the Yoast SEO plugin v26.9 - https:\/\/yoast.com\/product\/yoast-seo-wordpress\/ -->\n<title>Cantores(as) de Jazz - Guia do Vinho<\/title>\n<meta name=\"robots\" content=\"index, follow, max-snippet:-1, max-image-preview:large, max-video-preview:-1\" \/>\n<link rel=\"canonical\" href=\"https:\/\/guiadovinho.com.br\/?page_id=304\" \/>\n<meta property=\"og:locale\" content=\"pt_BR\" \/>\n<meta property=\"og:type\" content=\"article\" \/>\n<meta property=\"og:title\" content=\"Cantores(as) de Jazz - Guia do Vinho\" \/>\n<meta property=\"og:description\" content=\"&nbsp; Estou de Volta para dizer que temos brasileiros concorrendo respectivamente a Melhor Cantora de Jazz; Luciana Souza; A brasileira radicada nos EUA h\u00e1 15 anos disputa o pr\u00eamio de melhor \u00e1lbum vocal de jazz com seu mais recente trabalho, Brazilian Duos.E o baterista Duduka da Fonseca, com seu Samba Jazz Fantasia (Malandro Records). Mesmo [&hellip;]\" \/>\n<meta property=\"og:url\" content=\"https:\/\/guiadovinho.com.br\/?page_id=304\" \/>\n<meta property=\"og:site_name\" content=\"Guia do Vinho\" \/>\n<meta property=\"article:modified_time\" content=\"2024-06-21T23:37:18+00:00\" \/>\n<meta property=\"og:image\" content=\"https:\/\/guiadovinho.com.br\/fotos\/billie_holiday.jpg\" \/>\n<meta name=\"twitter:card\" content=\"summary_large_image\" \/>\n<meta name=\"twitter:label1\" content=\"Est. tempo de leitura\" \/>\n\t<meta name=\"twitter:data1\" content=\"5 minutos\" \/>\n<script type=\"application\/ld+json\" class=\"yoast-schema-graph\">{\"@context\":\"https:\/\/schema.org\",\"@graph\":[{\"@type\":\"WebPage\",\"@id\":\"https:\/\/guiadovinho.com.br\/?page_id=304\",\"url\":\"https:\/\/guiadovinho.com.br\/?page_id=304\",\"name\":\"Cantores(as) de Jazz - Guia do Vinho\",\"isPartOf\":{\"@id\":\"https:\/\/guiadovinho.com.br\/#website\"},\"primaryImageOfPage\":{\"@id\":\"https:\/\/guiadovinho.com.br\/?page_id=304#primaryimage\"},\"image\":{\"@id\":\"https:\/\/guiadovinho.com.br\/?page_id=304#primaryimage\"},\"thumbnailUrl\":\"https:\/\/guiadovinho.com.br\/fotos\/billie_holiday.jpg\",\"datePublished\":\"2003-02-20T16:44:59+00:00\",\"dateModified\":\"2024-06-21T23:37:18+00:00\",\"breadcrumb\":{\"@id\":\"https:\/\/guiadovinho.com.br\/?page_id=304#breadcrumb\"},\"inLanguage\":\"pt-BR\",\"potentialAction\":[{\"@type\":\"ReadAction\",\"target\":[\"https:\/\/guiadovinho.com.br\/?page_id=304\"]}]},{\"@type\":\"ImageObject\",\"inLanguage\":\"pt-BR\",\"@id\":\"https:\/\/guiadovinho.com.br\/?page_id=304#primaryimage\",\"url\":\"https:\/\/guiadovinho.com.br\/fotos\/billie_holiday.jpg\",\"contentUrl\":\"https:\/\/guiadovinho.com.br\/fotos\/billie_holiday.jpg\"},{\"@type\":\"BreadcrumbList\",\"@id\":\"https:\/\/guiadovinho.com.br\/?page_id=304#breadcrumb\",\"itemListElement\":[{\"@type\":\"ListItem\",\"position\":1,\"name\":\"In\u00edcio\",\"item\":\"https:\/\/guiadovinho.com.br\/\"},{\"@type\":\"ListItem\",\"position\":2,\"name\":\"Cantores(as) de Jazz\"}]},{\"@type\":\"WebSite\",\"@id\":\"https:\/\/guiadovinho.com.br\/#website\",\"url\":\"https:\/\/guiadovinho.com.br\/\",\"name\":\"Guia do Vinho\",\"description\":\"O vinho e as coisas boas da vida\",\"publisher\":{\"@id\":\"https:\/\/guiadovinho.com.br\/#organization\"},\"potentialAction\":[{\"@type\":\"SearchAction\",\"target\":{\"@type\":\"EntryPoint\",\"urlTemplate\":\"https:\/\/guiadovinho.com.br\/?s={search_term_string}\"},\"query-input\":{\"@type\":\"PropertyValueSpecification\",\"valueRequired\":true,\"valueName\":\"search_term_string\"}}],\"inLanguage\":\"pt-BR\"},{\"@type\":\"Organization\",\"@id\":\"https:\/\/guiadovinho.com.br\/#organization\",\"name\":\"Guia do Vinho\",\"url\":\"https:\/\/guiadovinho.com.br\/\",\"logo\":{\"@type\":\"ImageObject\",\"inLanguage\":\"pt-BR\",\"@id\":\"https:\/\/guiadovinho.com.br\/#\/schema\/logo\/image\/\",\"url\":\"https:\/\/guiadovinho.com.br\/wp-content\/uploads\/2019\/12\/logo_guia_do_vinho.jpg\",\"contentUrl\":\"https:\/\/guiadovinho.com.br\/wp-content\/uploads\/2019\/12\/logo_guia_do_vinho.jpg\",\"width\":279,\"height\":68,\"caption\":\"Guia do Vinho\"},\"image\":{\"@id\":\"https:\/\/guiadovinho.com.br\/#\/schema\/logo\/image\/\"}}]}<\/script>\n<!-- \/ Yoast SEO plugin. -->","yoast_head_json":{"title":"Cantores(as) de Jazz - Guia do Vinho","robots":{"index":"index","follow":"follow","max-snippet":"max-snippet:-1","max-image-preview":"max-image-preview:large","max-video-preview":"max-video-preview:-1"},"canonical":"https:\/\/guiadovinho.com.br\/?page_id=304","og_locale":"pt_BR","og_type":"article","og_title":"Cantores(as) de Jazz - Guia do Vinho","og_description":"&nbsp; Estou de Volta para dizer que temos brasileiros concorrendo respectivamente a Melhor Cantora de Jazz; Luciana Souza; A brasileira radicada nos EUA h\u00e1 15 anos disputa o pr\u00eamio de melhor \u00e1lbum vocal de jazz com seu mais recente trabalho, Brazilian Duos.E o baterista Duduka da Fonseca, com seu Samba Jazz Fantasia (Malandro Records). Mesmo [&hellip;]","og_url":"https:\/\/guiadovinho.com.br\/?page_id=304","og_site_name":"Guia do Vinho","article_modified_time":"2024-06-21T23:37:18+00:00","og_image":[{"url":"https:\/\/guiadovinho.com.br\/fotos\/billie_holiday.jpg","type":"","width":"","height":""}],"twitter_card":"summary_large_image","twitter_misc":{"Est. tempo de leitura":"5 minutos"},"schema":{"@context":"https:\/\/schema.org","@graph":[{"@type":"WebPage","@id":"https:\/\/guiadovinho.com.br\/?page_id=304","url":"https:\/\/guiadovinho.com.br\/?page_id=304","name":"Cantores(as) de Jazz - Guia do Vinho","isPartOf":{"@id":"https:\/\/guiadovinho.com.br\/#website"},"primaryImageOfPage":{"@id":"https:\/\/guiadovinho.com.br\/?page_id=304#primaryimage"},"image":{"@id":"https:\/\/guiadovinho.com.br\/?page_id=304#primaryimage"},"thumbnailUrl":"https:\/\/guiadovinho.com.br\/fotos\/billie_holiday.jpg","datePublished":"2003-02-20T16:44:59+00:00","dateModified":"2024-06-21T23:37:18+00:00","breadcrumb":{"@id":"https:\/\/guiadovinho.com.br\/?page_id=304#breadcrumb"},"inLanguage":"pt-BR","potentialAction":[{"@type":"ReadAction","target":["https:\/\/guiadovinho.com.br\/?page_id=304"]}]},{"@type":"ImageObject","inLanguage":"pt-BR","@id":"https:\/\/guiadovinho.com.br\/?page_id=304#primaryimage","url":"https:\/\/guiadovinho.com.br\/fotos\/billie_holiday.jpg","contentUrl":"https:\/\/guiadovinho.com.br\/fotos\/billie_holiday.jpg"},{"@type":"BreadcrumbList","@id":"https:\/\/guiadovinho.com.br\/?page_id=304#breadcrumb","itemListElement":[{"@type":"ListItem","position":1,"name":"In\u00edcio","item":"https:\/\/guiadovinho.com.br\/"},{"@type":"ListItem","position":2,"name":"Cantores(as) de Jazz"}]},{"@type":"WebSite","@id":"https:\/\/guiadovinho.com.br\/#website","url":"https:\/\/guiadovinho.com.br\/","name":"Guia do Vinho","description":"O vinho e as coisas boas da vida","publisher":{"@id":"https:\/\/guiadovinho.com.br\/#organization"},"potentialAction":[{"@type":"SearchAction","target":{"@type":"EntryPoint","urlTemplate":"https:\/\/guiadovinho.com.br\/?s={search_term_string}"},"query-input":{"@type":"PropertyValueSpecification","valueRequired":true,"valueName":"search_term_string"}}],"inLanguage":"pt-BR"},{"@type":"Organization","@id":"https:\/\/guiadovinho.com.br\/#organization","name":"Guia do Vinho","url":"https:\/\/guiadovinho.com.br\/","logo":{"@type":"ImageObject","inLanguage":"pt-BR","@id":"https:\/\/guiadovinho.com.br\/#\/schema\/logo\/image\/","url":"https:\/\/guiadovinho.com.br\/wp-content\/uploads\/2019\/12\/logo_guia_do_vinho.jpg","contentUrl":"https:\/\/guiadovinho.com.br\/wp-content\/uploads\/2019\/12\/logo_guia_do_vinho.jpg","width":279,"height":68,"caption":"Guia do Vinho"},"image":{"@id":"https:\/\/guiadovinho.com.br\/#\/schema\/logo\/image\/"}}]}},"_links":{"self":[{"href":"https:\/\/guiadovinho.com.br\/index.php?rest_route=\/wp\/v2\/pages\/304","targetHints":{"allow":["GET"]}}],"collection":[{"href":"https:\/\/guiadovinho.com.br\/index.php?rest_route=\/wp\/v2\/pages"}],"about":[{"href":"https:\/\/guiadovinho.com.br\/index.php?rest_route=\/wp\/v2\/types\/page"}],"author":[{"embeddable":true,"href":"https:\/\/guiadovinho.com.br\/index.php?rest_route=\/wp\/v2\/users\/1"}],"replies":[{"embeddable":true,"href":"https:\/\/guiadovinho.com.br\/index.php?rest_route=%2Fwp%2Fv2%2Fcomments&post=304"}],"version-history":[{"count":1,"href":"https:\/\/guiadovinho.com.br\/index.php?rest_route=\/wp\/v2\/pages\/304\/revisions"}],"predecessor-version":[{"id":744,"href":"https:\/\/guiadovinho.com.br\/index.php?rest_route=\/wp\/v2\/pages\/304\/revisions\/744"}],"wp:attachment":[{"href":"https:\/\/guiadovinho.com.br\/index.php?rest_route=%2Fwp%2Fv2%2Fmedia&parent=304"}],"curies":[{"name":"wp","href":"https:\/\/api.w.org\/{rel}","templated":true}]}}