{"id":301,"date":"2003-06-22T13:42:50","date_gmt":"2003-06-22T16:42:50","guid":{"rendered":"http:\/\/www.guiadovinho.com.br\/?page_id=301"},"modified":"2024-06-21T20:36:29","modified_gmt":"2024-06-21T23:36:29","slug":"inicio-do-jazz-e-a-era-das-big-bands","status":"publish","type":"page","link":"https:\/\/guiadovinho.com.br\/?page_id=301","title":{"rendered":"Inicio do jazz e a era das Big Bands"},"content":{"rendered":"<p>&nbsp;<\/p>\n<table border=\"0\" width=\"90%\" bgcolor=\"#FFFFFF\">\n<tbody>\n<tr>\n<td class=\"Normal\" valign=\"top\" width=\"50%\"><b>Introdu\u00e7\u00e3o:<\/b> vamos abordar um pouco sobre o inicio do jazz e a era das Big Bands. Boa Leitura.Se perguntarem a voc\u00ea o que voc\u00ea ouve e voc\u00ea responde Jazz, logo vem a pergunta junto com a cara de interroga\u00e7\u00e3o: <b>O que \u00e9 Jazz?<\/b> Muitas pessoas j\u00e1 tentaram responder esta pergunta, mas geralmente caem em contradi\u00e7\u00f5es complicam a resposta pondo restri\u00e7\u00f5es dizendo isto \u00e9 Jazz; Isso N\u00e3o. Essencialmente Jazz \u00e9 a m\u00fasica ou o g\u00eanero musical que d\u00e1 \u00eanfase \u00e0 improvisa\u00e7\u00e3o e sempre carrega o sentimento de Tristeza (Blues). (N. E: est\u00e1 a\u00ed uma bela resposta) Todo o resto (swing, bom relacionamento entre m\u00fasicos) \u00e9 opcional. O que Dixieland, BeBop, Fusion e Free Jazz tem em comum s\u00e3o as constantes oportunidades de os m\u00fasicos constantemente serem Criativos e trazerem novas id\u00e9ias; este \u00e9 o maior contraste em rela\u00e7\u00e3o \u00e0 musica POP onde m\u00fasicos freq\u00fcentemente tentam reproduzir suas grava\u00e7\u00f5es em um show ao vivo. O sentimento de &#8220;Blues&#8221; separa o Jazz dos outros estilos (tais como o Bluegrass, New Age e Indian Ragas [musicas ind\u00edgenas]) que tamb\u00e9m utilizam a improvisa\u00e7\u00e3o, mas n\u00e3o est\u00e3o ligadas ao jazz. Jazz pode ser uma Big Band ou um saxofonista fazendo longo solos, pode ser um cantor interpretando uma balada, um guitarrista ou uma banda de funky. Pode at\u00e9 pegar emprestado algumas id\u00e9ias de outros tipos de musica, mas os m\u00fasicos que assim o fazem est\u00e3o livres para levar a musica ao um outro n\u00edvel de inspira\u00e7\u00e3o isto \u00e9 Jazz.<\/p>\n<p>Como o Jazz come\u00e7ou? Infelizmente esta quest\u00e3o definitivamente conhecida porque a 1\u00aa Grava\u00e7\u00e3o ocorreu em 1917 pela Original Dixieland Jazz Band.Pelo menos vinte anos depois do jazz ser tocado. Reza a lenda que o Jazz teve inicio em New Orleans com grupos que tocavam em Marchas e Paradas, durante os anos de 1880 a 1890, e muitos m\u00fasicos n\u00e3o possu\u00edam forma\u00e7\u00e3o musical, e depois de repetidas vezes tocando a mesma melodia come\u00e7aram a improvisar varia\u00e7\u00f5es da melodia por pura divers\u00e3o, em 1895 o cornetista Buddy Bolden (1\u00ba musico a ser considerado musico de Jazz), formou sua Banda; alguns utilizam esta data (1895) como nascimento do Jazz.Como o conhecemos.<\/p>\n<p><span style=\"color: #a0a0a0; font-size: medium;\"><b>BIG BANDS:<\/b><\/span><\/p>\n<p>No inicio o Jazz era m\u00fasica para dan\u00e7ar, tocada por Bandas de Swing ou Big Bands. Rapidamente o &#8220;elemento&#8221; dan\u00e7a se tornou secund\u00e1rio, e a improvisa\u00e7\u00e3o se tornou elemento chave. Como um g\u00eanero, a musica passou a ser dividida em diferentes estilos, do mais r\u00e1pido acordes do BeBop e a melodia pregui\u00e7osa e suave do Cool Jazz, da &#8220;Atonalidade&#8221; do Free Jazz e o refinado groove do Soul Jazz. Que colocados juntos eram a base no blues, a confian\u00e7a entre os m\u00fasicos e a troca constante nas improvisa\u00e7\u00f5es. Atrav\u00e9s dos anos e em todos os diferentes estilos, estas s\u00e3o as qualidades que definem o Jazz. Embora Big Bands &#8211; signifique um grupo de Jazz que agrega mais de 10 m\u00fasicos &#8211; tendo tocado diferentes estilos dentro da hist\u00f3ria do jazz, do Bop (Be Bop), o termo Big Band \u00e9 usado para se referir aos anos 20 at\u00e9 meados de dos anos 40 a era cl\u00e1ssica do Swing. Durante aquela \u00e9poca, a maioria dos grupos de jazz eram Big Bands e elas tocavam um estilo de swing que era derivado do jazz de New Orleans.<\/p>\n<p><img loading=\"lazy\" decoding=\"async\" class=\"alignleft\" src=\"https:\/\/guiadovinho.com.br\/fotos\/countbasie.jpg\" alt=\"Count Basie\" width=\"182\" height=\"209\" align=\"left\" \/>Swing era musica para se dan\u00e7ar, e ainda assim era oferecida aos m\u00fasicos a chance para improvisa\u00e7\u00e3o (solos tecnicamente complexos). Desde Swing Big Bands lideradas por: Duke Ellington; Count Basie; Benny Goodman e Tommy Dorsey eram extremamente populares; O termo (Swing) se tornou id\u00eantico aos olhos do p\u00fablico. \u00c9 injusto chamarmos todas Big Bands de &#8220;Swing&#8221; &#8211; assim como nem todo &#8220;Swing&#8221; \u00e9 tocado por Big Bands &#8211; Mas os dois estar\u00e3o para sempre ligados, porque eles foram &#8220;Criados&#8221; juntos. Al\u00e9m disso, encontramos Big Bands de Diferentes estilos desde Cool Jazz at\u00e9 Jazz-rock, muitas das quais tomam &#8220;emprestada&#8221; a tradi\u00e7\u00e3o das Big Bands de Swing.<\/p>\n<p>Dizemos Big Band um grupo de Jazz com 10 ou mais m\u00fasicos, usualmente pelo menos Tr\u00eas Trompetes, Dois ou mais Trombones, Quatro ou mais Saxofones, e uma &#8220;cozinha r\u00edtmica&#8221; formada por uma combina\u00e7\u00e3o de Piano; Guitarra; Baixo; e Bateria. A chamada &#8220;musica de Big Band&#8221; como um conceito para fans da musica \u00e9 geralmente identificada como a era do swing, embora existisse muita banda de Jazz voltada para dan\u00e7a (bailes) antes da &#8220;era do swing&#8221; nos anos 30 e 40, e muitas bandas de Jazz voltadas para Concertos (apresenta\u00e7\u00f5es um exemplo \u00e9 o da Banda Jazz Sinf\u00f4nica aqui no Brasil) depois da &#8220;Era do swing&#8221;.<\/td>\n<td class=\"Normal\" valign=\"top\" width=\"50%\">Como j\u00e1 foi dito antes existem Big Bands de diferentes &#8220;estilos&#8221;, que pelo fato de serem &#8220;Big Bands&#8221; s\u00e3o enquadradas dentro do estilo &#8220;Swing&#8221; isso acontece muito em lojas de disco, ou por quest\u00e3o de marketing ou pura falta de conhecimento mesmo. Alguns estilos de Big Bands e seus &#8220;l\u00edderes&#8221;: Swing (Duke Ellington e Count Basie); BepBop (Dizzy Gillespsie); Cool (Gerry Mulligan, Shorty Rogers, Gil Evans); Hard Bop (Gerald Wilson); Free Jazz (alguma coisa de Sun Ra, depois de 1950); e Jazz-Rock Fusion (os Grupos de Don Ellis e Maynard Fergunson em 1970). Por\u00e9m nenhuma delas s\u00e3o &#8220;Swing Bands&#8221;. (Nota do Jeff: Prometo que vou procurar saber quem ou o que foi SUN RA)Muitos Ouvintes usam o termo Big Band como uma &#8220;express\u00e3o&#8221;, e n\u00e3o apenas como uma instrumenta\u00e7\u00e3o. Para eles, as estrat\u00e9gias de arranjos e solos que ali foram desenvolvidos durante os anos 30 servem para distinguir um estilo do outro tanto r\u00edtmica e harmonicamente em uma determinada \u00e9poca como, por exemplo, BeBop ou Jazz-Rock.<\/p>\n<p>Uma outra importante considera\u00e7\u00e3o \u00e9 que jornalistas e fans do jazz &#8220;feito&#8221; nas d\u00e9cadas de 30 e 40 fazem distin\u00e7\u00f5es entre bandas que mostram mais qualidade r\u00edtmica e solos e improvisa\u00e7\u00f5es freq\u00fcentes, e aquelas que mostram pouco swing e poucas improvisa\u00e7\u00f5es. Ao primeiro grupo chamamos de &#8220;swing bands&#8221; ou &#8220;hot bands&#8221; (ex: os grupos de Duke Ellington e Count Basie) e ao segundo chamamos de &#8220;sweet bands&#8221; (ex: os grupos de Glenn Miller, Wayne King, Freddy Martin e Guy Lombardo). Embora a era das Big Bands terminou por volta de 1946, desde ent\u00e3o houve um grande crescimento de orquestras no Jazz.<\/p>\n<p><img loading=\"lazy\" decoding=\"async\" class=\"alignleft\" src=\"https:\/\/guiadovinho.com.br\/fotos\/bennygoodman.jpg\" alt=\"Benny Goodman\" width=\"189\" height=\"228\" align=\"left\" \/>Os Grupos de Jazz de New Orleans eram improvisados, quando o Jazz come\u00e7ou a se tornar popular na d\u00e9cada de 20 e estava crescendo a demanda por bandas de baile, isso foi necess\u00e1rio para que alguns grupos fossem criados, especialmente quando um grupo inclu\u00eda em sua forma\u00e7\u00e3o mais de Tr\u00eas ou Quatro naipes de Metais. Embora a Era do Swing come\u00e7ou quando Louis Armstrong se juntou a orquestra de Fletcher Henderson em 1924 e Don Redman come\u00e7ou a escrever arranjos para a banda que mostrou ao mundo as frases relaxantes do trompetista, a &#8220;era do swing&#8221; estava oficialmente iniciada, isso eram meados de 1935 quando a orquestra de Benny Goodman &#8220;pegou&#8221;. A maior for\u00e7a da m\u00fasica americana era o Swing at\u00e9 o final da era das Big Bands em 1946. A diferen\u00e7a entre os grupos de Jazz de New Orleans e os Grupos de Dixieland (mesmo em grupos menores) esses s\u00e3o mais simples e repletos de repeti\u00e7\u00f5es, enquanto o Jazz de New Orleans os solos eram mais sofisticados.<\/p>\n<p>As improvisa\u00e7\u00f5es individuais ainda est\u00e3o pr\u00f3ximas a melodia, mas devido ao avan\u00e7o na musicalidade, os solos passaram a ser terrenos de aventuras. Os m\u00fasicos de Swing que continuaram suas carreiras ap\u00f3s o fim da era da Big Band estavam tocando no chamado &#8220;Mainstream&#8221; Entre os que continuaram tocando estavam os Trompetistas: Louis Armstrong, Bunny Berigan, Harry James e Roy Eldridge; os Trombonistas: Tommy Dorsey e Jack Teagarden; Clarinetistas: Benny Goodman e Art Shaw; Sax Tenor: Coleman Hawkins; Lester Young e Bem Webster; Sax Alto: Johnny Hodges e Benny Carter; Pianistas: Teddy Wilson, Art Tatum, Earl Hines, Count Basie, e Nat King Cole; Guitarrista: Charlie Christian; Bateristas: Gene Krupa e Chick Webb; Vibrafonista: Lionel Hampton; BandLeader: Glenn Miller; Cantores: Billie Holiday, Ella Fitzgerald e Jimmy Rushing.<\/p>\n<p>At\u00e9 a pr\u00f3xima.<\/p>\n<hr size=\"1\" \/>\n<p><i>Fontes: Texto adaptado de um ensaio publicado na revista Jazziz de 1989 e traduzido por Jefferson<\/i><\/td>\n<\/tr>\n<\/tbody>\n<\/table>\n","protected":false},"excerpt":{"rendered":"<p>&nbsp; Introdu\u00e7\u00e3o: vamos abordar um pouco sobre o inicio do jazz e a era das Big Bands. Boa Leitura.Se perguntarem a voc\u00ea o que voc\u00ea ouve e voc\u00ea responde Jazz, logo vem a pergunta junto com a cara de interroga\u00e7\u00e3o: O que \u00e9 Jazz? Muitas pessoas j\u00e1 tentaram responder esta pergunta, mas geralmente caem em [&hellip;]<\/p>\n","protected":false},"author":1,"featured_media":0,"parent":0,"menu_order":0,"comment_status":"closed","ping_status":"closed","template":"","meta":{"footnotes":""},"class_list":["post-301","page","type-page","status-publish","hentry"],"yoast_head":"<!-- This site is optimized with the Yoast SEO plugin v26.9 - https:\/\/yoast.com\/product\/yoast-seo-wordpress\/ -->\n<title>Inicio do jazz e a era das Big Bands - Guia do Vinho<\/title>\n<meta name=\"robots\" content=\"index, follow, max-snippet:-1, max-image-preview:large, max-video-preview:-1\" \/>\n<link rel=\"canonical\" href=\"https:\/\/guiadovinho.com.br\/?page_id=301\" \/>\n<meta property=\"og:locale\" content=\"pt_BR\" \/>\n<meta property=\"og:type\" content=\"article\" \/>\n<meta property=\"og:title\" content=\"Inicio do jazz e a era das Big Bands - Guia do Vinho\" \/>\n<meta property=\"og:description\" content=\"&nbsp; Introdu\u00e7\u00e3o: vamos abordar um pouco sobre o inicio do jazz e a era das Big Bands. Boa Leitura.Se perguntarem a voc\u00ea o que voc\u00ea ouve e voc\u00ea responde Jazz, logo vem a pergunta junto com a cara de interroga\u00e7\u00e3o: O que \u00e9 Jazz? Muitas pessoas j\u00e1 tentaram responder esta pergunta, mas geralmente caem em [&hellip;]\" \/>\n<meta property=\"og:url\" content=\"https:\/\/guiadovinho.com.br\/?page_id=301\" \/>\n<meta property=\"og:site_name\" content=\"Guia do Vinho\" \/>\n<meta property=\"article:modified_time\" content=\"2024-06-21T23:36:29+00:00\" \/>\n<meta property=\"og:image\" content=\"https:\/\/guiadovinho.com.br\/fotos\/countbasie.jpg\" \/>\n<meta name=\"twitter:card\" content=\"summary_large_image\" \/>\n<meta name=\"twitter:label1\" content=\"Est. tempo de leitura\" \/>\n\t<meta name=\"twitter:data1\" content=\"7 minutos\" \/>\n<script type=\"application\/ld+json\" class=\"yoast-schema-graph\">{\"@context\":\"https:\/\/schema.org\",\"@graph\":[{\"@type\":\"WebPage\",\"@id\":\"https:\/\/guiadovinho.com.br\/?page_id=301\",\"url\":\"https:\/\/guiadovinho.com.br\/?page_id=301\",\"name\":\"Inicio do jazz e a era das Big Bands - Guia do Vinho\",\"isPartOf\":{\"@id\":\"https:\/\/guiadovinho.com.br\/#website\"},\"primaryImageOfPage\":{\"@id\":\"https:\/\/guiadovinho.com.br\/?page_id=301#primaryimage\"},\"image\":{\"@id\":\"https:\/\/guiadovinho.com.br\/?page_id=301#primaryimage\"},\"thumbnailUrl\":\"https:\/\/guiadovinho.com.br\/fotos\/countbasie.jpg\",\"datePublished\":\"2003-06-22T16:42:50+00:00\",\"dateModified\":\"2024-06-21T23:36:29+00:00\",\"breadcrumb\":{\"@id\":\"https:\/\/guiadovinho.com.br\/?page_id=301#breadcrumb\"},\"inLanguage\":\"pt-BR\",\"potentialAction\":[{\"@type\":\"ReadAction\",\"target\":[\"https:\/\/guiadovinho.com.br\/?page_id=301\"]}]},{\"@type\":\"ImageObject\",\"inLanguage\":\"pt-BR\",\"@id\":\"https:\/\/guiadovinho.com.br\/?page_id=301#primaryimage\",\"url\":\"https:\/\/guiadovinho.com.br\/fotos\/countbasie.jpg\",\"contentUrl\":\"https:\/\/guiadovinho.com.br\/fotos\/countbasie.jpg\"},{\"@type\":\"BreadcrumbList\",\"@id\":\"https:\/\/guiadovinho.com.br\/?page_id=301#breadcrumb\",\"itemListElement\":[{\"@type\":\"ListItem\",\"position\":1,\"name\":\"In\u00edcio\",\"item\":\"https:\/\/guiadovinho.com.br\/\"},{\"@type\":\"ListItem\",\"position\":2,\"name\":\"Inicio do jazz e a era das Big Bands\"}]},{\"@type\":\"WebSite\",\"@id\":\"https:\/\/guiadovinho.com.br\/#website\",\"url\":\"https:\/\/guiadovinho.com.br\/\",\"name\":\"Guia do Vinho\",\"description\":\"O vinho e as coisas boas da vida\",\"publisher\":{\"@id\":\"https:\/\/guiadovinho.com.br\/#organization\"},\"potentialAction\":[{\"@type\":\"SearchAction\",\"target\":{\"@type\":\"EntryPoint\",\"urlTemplate\":\"https:\/\/guiadovinho.com.br\/?s={search_term_string}\"},\"query-input\":{\"@type\":\"PropertyValueSpecification\",\"valueRequired\":true,\"valueName\":\"search_term_string\"}}],\"inLanguage\":\"pt-BR\"},{\"@type\":\"Organization\",\"@id\":\"https:\/\/guiadovinho.com.br\/#organization\",\"name\":\"Guia do Vinho\",\"url\":\"https:\/\/guiadovinho.com.br\/\",\"logo\":{\"@type\":\"ImageObject\",\"inLanguage\":\"pt-BR\",\"@id\":\"https:\/\/guiadovinho.com.br\/#\/schema\/logo\/image\/\",\"url\":\"https:\/\/guiadovinho.com.br\/wp-content\/uploads\/2019\/12\/logo_guia_do_vinho.jpg\",\"contentUrl\":\"https:\/\/guiadovinho.com.br\/wp-content\/uploads\/2019\/12\/logo_guia_do_vinho.jpg\",\"width\":279,\"height\":68,\"caption\":\"Guia do Vinho\"},\"image\":{\"@id\":\"https:\/\/guiadovinho.com.br\/#\/schema\/logo\/image\/\"}}]}<\/script>\n<!-- \/ Yoast SEO plugin. -->","yoast_head_json":{"title":"Inicio do jazz e a era das Big Bands - Guia do Vinho","robots":{"index":"index","follow":"follow","max-snippet":"max-snippet:-1","max-image-preview":"max-image-preview:large","max-video-preview":"max-video-preview:-1"},"canonical":"https:\/\/guiadovinho.com.br\/?page_id=301","og_locale":"pt_BR","og_type":"article","og_title":"Inicio do jazz e a era das Big Bands - Guia do Vinho","og_description":"&nbsp; Introdu\u00e7\u00e3o: vamos abordar um pouco sobre o inicio do jazz e a era das Big Bands. Boa Leitura.Se perguntarem a voc\u00ea o que voc\u00ea ouve e voc\u00ea responde Jazz, logo vem a pergunta junto com a cara de interroga\u00e7\u00e3o: O que \u00e9 Jazz? Muitas pessoas j\u00e1 tentaram responder esta pergunta, mas geralmente caem em [&hellip;]","og_url":"https:\/\/guiadovinho.com.br\/?page_id=301","og_site_name":"Guia do Vinho","article_modified_time":"2024-06-21T23:36:29+00:00","og_image":[{"url":"https:\/\/guiadovinho.com.br\/fotos\/countbasie.jpg","type":"","width":"","height":""}],"twitter_card":"summary_large_image","twitter_misc":{"Est. tempo de leitura":"7 minutos"},"schema":{"@context":"https:\/\/schema.org","@graph":[{"@type":"WebPage","@id":"https:\/\/guiadovinho.com.br\/?page_id=301","url":"https:\/\/guiadovinho.com.br\/?page_id=301","name":"Inicio do jazz e a era das Big Bands - Guia do Vinho","isPartOf":{"@id":"https:\/\/guiadovinho.com.br\/#website"},"primaryImageOfPage":{"@id":"https:\/\/guiadovinho.com.br\/?page_id=301#primaryimage"},"image":{"@id":"https:\/\/guiadovinho.com.br\/?page_id=301#primaryimage"},"thumbnailUrl":"https:\/\/guiadovinho.com.br\/fotos\/countbasie.jpg","datePublished":"2003-06-22T16:42:50+00:00","dateModified":"2024-06-21T23:36:29+00:00","breadcrumb":{"@id":"https:\/\/guiadovinho.com.br\/?page_id=301#breadcrumb"},"inLanguage":"pt-BR","potentialAction":[{"@type":"ReadAction","target":["https:\/\/guiadovinho.com.br\/?page_id=301"]}]},{"@type":"ImageObject","inLanguage":"pt-BR","@id":"https:\/\/guiadovinho.com.br\/?page_id=301#primaryimage","url":"https:\/\/guiadovinho.com.br\/fotos\/countbasie.jpg","contentUrl":"https:\/\/guiadovinho.com.br\/fotos\/countbasie.jpg"},{"@type":"BreadcrumbList","@id":"https:\/\/guiadovinho.com.br\/?page_id=301#breadcrumb","itemListElement":[{"@type":"ListItem","position":1,"name":"In\u00edcio","item":"https:\/\/guiadovinho.com.br\/"},{"@type":"ListItem","position":2,"name":"Inicio do jazz e a era das Big Bands"}]},{"@type":"WebSite","@id":"https:\/\/guiadovinho.com.br\/#website","url":"https:\/\/guiadovinho.com.br\/","name":"Guia do Vinho","description":"O vinho e as coisas boas da vida","publisher":{"@id":"https:\/\/guiadovinho.com.br\/#organization"},"potentialAction":[{"@type":"SearchAction","target":{"@type":"EntryPoint","urlTemplate":"https:\/\/guiadovinho.com.br\/?s={search_term_string}"},"query-input":{"@type":"PropertyValueSpecification","valueRequired":true,"valueName":"search_term_string"}}],"inLanguage":"pt-BR"},{"@type":"Organization","@id":"https:\/\/guiadovinho.com.br\/#organization","name":"Guia do Vinho","url":"https:\/\/guiadovinho.com.br\/","logo":{"@type":"ImageObject","inLanguage":"pt-BR","@id":"https:\/\/guiadovinho.com.br\/#\/schema\/logo\/image\/","url":"https:\/\/guiadovinho.com.br\/wp-content\/uploads\/2019\/12\/logo_guia_do_vinho.jpg","contentUrl":"https:\/\/guiadovinho.com.br\/wp-content\/uploads\/2019\/12\/logo_guia_do_vinho.jpg","width":279,"height":68,"caption":"Guia do Vinho"},"image":{"@id":"https:\/\/guiadovinho.com.br\/#\/schema\/logo\/image\/"}}]}},"_links":{"self":[{"href":"https:\/\/guiadovinho.com.br\/index.php?rest_route=\/wp\/v2\/pages\/301","targetHints":{"allow":["GET"]}}],"collection":[{"href":"https:\/\/guiadovinho.com.br\/index.php?rest_route=\/wp\/v2\/pages"}],"about":[{"href":"https:\/\/guiadovinho.com.br\/index.php?rest_route=\/wp\/v2\/types\/page"}],"author":[{"embeddable":true,"href":"https:\/\/guiadovinho.com.br\/index.php?rest_route=\/wp\/v2\/users\/1"}],"replies":[{"embeddable":true,"href":"https:\/\/guiadovinho.com.br\/index.php?rest_route=%2Fwp%2Fv2%2Fcomments&post=301"}],"version-history":[{"count":1,"href":"https:\/\/guiadovinho.com.br\/index.php?rest_route=\/wp\/v2\/pages\/301\/revisions"}],"predecessor-version":[{"id":743,"href":"https:\/\/guiadovinho.com.br\/index.php?rest_route=\/wp\/v2\/pages\/301\/revisions\/743"}],"wp:attachment":[{"href":"https:\/\/guiadovinho.com.br\/index.php?rest_route=%2Fwp%2Fv2%2Fmedia&parent=301"}],"curies":[{"name":"wp","href":"https:\/\/api.w.org\/{rel}","templated":true}]}}