{"id":292,"date":"2009-06-22T13:25:27","date_gmt":"2009-06-22T16:25:27","guid":{"rendered":"http:\/\/www.guiadovinho.com.br\/?page_id=292"},"modified":"2009-06-22T13:25:27","modified_gmt":"2009-06-22T16:25:27","slug":"historia-e-informacoes-de-braganca-paulista","status":"publish","type":"page","link":"https:\/\/guiadovinho.com.br\/?page_id=292","title":{"rendered":"Hist\u00f3ria e Informa\u00e7\u00f5es de Bragan\u00e7a Paulista"},"content":{"rendered":"<pre>Os dados dessa p\u00e1gina foram atualizados em Junho de 2009 e requerem novas atualiza\u00e7\u00f5es.<\/pre>\n<p><strong>BRAGAN\u00c7A PAULISTA<\/strong>, fundada em 15 de dezembro de 1763 pelo casal Antonio Pires Pimentel e In\u00e1cia da Silva Pimentel em cumprimento a uma promessa feita a Nossa Senhora da Concei\u00e7\u00e3o, foi criada como Distrito de Paz e Freguesia de Concei\u00e7\u00e3o do Jaguary, por alvar\u00e1, em 13 de fevereiro de 1765; em 1769, Concei\u00e7\u00e3o do Jaguary, que pertencia ao Munic\u00edpio de S\u00e3o Paulo, passou a pertencer ao de S\u00e3o Jo\u00e3o do Atibaia; elevada \u00e0 categoria de Vila em 17 de outubro de 1797, ap\u00f3s acirrados debates com os moradores de Atibaia, passou a Cidade pela Lei n\u00ba 21, de 24 de abril de 1856; tr\u00eas anos ap\u00f3s, foi criada a Comarca de Bragan\u00e7a Paulista \u00e0 qual ficaram anexados mais cinco munic\u00edpios que posteriormente foram desligados conforme Lei n\u00ba 26, de 06 de maio de 1859; pelo Decreto-Lei n\u00ba 8.092, de 28 de fevereiro de 1964, seu territ\u00f3rio sofreu desmembramentos com a eleva\u00e7\u00e3o dos Distritos de Pinhalzinho, Pedra Bela e Vargem \u00e0 categoria de munic\u00edpio, sendo este \u00faltimo reintegrado ao territ\u00f3rio bragantino pelo Decreto-Lei n\u00ba 225, em 17 de abril de 1970; atrav\u00e9s da Lei Federal n\u00ba 7.664, de 30 de dezembro de 1991, foram emancipados os distritos de Vargem e Tuiuti.<\/p>\n<p><strong>ORIGEM DO NOME DO MUNIC\u00cdPIO<\/strong> &#8211; O Distrito que recebeu o nome de Concei\u00e7\u00e3o do Jaguary foi posteriormente elevado \u00e0 categoria de Vila com a denomina\u00e7\u00e3o de Vila Nova Bragan\u00e7a, em homenagem \u00e0 Dona Maria I ent\u00e3o reinante e \u00e0 dinastia \u00e0 qual a soberana pertencia. Com a eleva\u00e7\u00e3o a Cidade, passou a denominar-se somente Bragan\u00e7a at\u00e9 o ano de 1944, quando a nova divis\u00e3o territorial do Pa\u00eds acrescentou a Palavra Paulista, para diferenci\u00e1-la de sua hom\u00f4nima do Estado do Par\u00e1, conforme disposto no Decreto-Lei n\u00ba 14.334, de 30 de novembro de 1944; em 28 de outubro de 1964, a Lei Estadual n\u00ba 8.389 constituiu Bragan\u00e7a Paulista em Est\u00e2ncia Clim\u00e1tica.<\/p>\n<p><em>(Fonte: Lei Org\u00e2nica do Munic\u00edpio de Bragan\u00e7a Paulista C\u00e2mara Municipal de Bragan\u00e7a Paulista)<\/em><\/p>\n<p><strong>BACIA HIDROGR\u00c1FICA<\/strong> &#8211; <span style=\"text-decoration: underline;\">Rios<\/span>: Jaguary e Jacarei &#8211; <span style=\"text-decoration: underline;\">Ribeir\u00f5es<\/span>: Lavap\u00e9s, Canivete e Tor\u00f3 &#8211; <span style=\"text-decoration: underline;\">Represa<\/span>: formada pelos rios Jaguary e Jacare\u00ed (integrante do sistema Cantareira), com 50 km2 de \u00e1rea coberta e 2,5 bilh\u00f5es de metros c\u00fabicos de \u00e1gua.<\/p>\n<h4>OUTROS DADOS<\/h4>\n<p><span style=\"text-decoration: underline;\">\u00c1rea total<\/span>: 514 km quadrados. &#8211; <span style=\"text-decoration: underline;\">\u00c1rea urbana<\/span>: 42 km quadrados. &#8211; <span style=\"text-decoration: underline;\">Popula\u00e7\u00e3o total<\/span>: 124.888 (IBGE\/2000) &#8211; <span style=\"text-decoration: underline;\">Popula\u00e7\u00e3o urbana<\/span>: 110.982 &#8211; <span style=\"text-decoration: underline;\">Popula\u00e7\u00e3o rural<\/span>: 13.906 &#8211; T<span style=\"text-decoration: underline;\">emperatura m\u00e9dia<\/span>: 22\u00ba C &#8211; <span style=\"text-decoration: underline;\">Coordenadas<\/span>: 22\u00ba 58&#8242; 30&#8243; Latitude Sul &#8211; 46\u00ba 32&#8242; 30&#8243; Longitude Oeste &#8211; <span style=\"text-decoration: underline;\">Altitude m\u00e9dia<\/span>: 850m (m\u00e1xima 1700m no Pico do Lopo).<\/p>\n<h4>Aspectos F\u00edsicos<\/h4>\n<p>Bragan\u00e7a, situada em uma regi\u00e3o montanhosa, na Serra da Mantiqueira, possui excelente clima, compar\u00e1vel aos melhores do mundo, com temperaturas amenas. N\u00e3o h\u00e1 secas prolongadas ou polui\u00e7\u00e3o atmosf\u00e9rica. \u00c9 rica em fauna e flora, com matas preservadas.<\/p>\n<p><em>Fonte: Secretaria do Meio Ambiente<\/em><\/p>\n<h4>Aeroporto Arthur Siqueira<\/h4>\n<p><img loading=\"lazy\" decoding=\"async\" class=\"alignleft\" src=\"https:\/\/guiadovinho.com.br\/fotos\/brag_aeroclube.jpg\" width=\"246\" height=\"184\" align=\"left\" border=\"0\">Sob o controle do DAESP &#8211; Departamento Aerovi\u00e1rio do Estado de S\u00e3o Paulo, possui posta de 1.100 metros, com capacidade de aterrisagem e decolagem de aeronaves de pequeno e m\u00e9dio portes, jatos executivos e linhas de t\u00e1xi a\u00e9reo. O aeroporto serve de apoio \u00e0s linhas regulares de avia\u00e7\u00e3o com terminais em aeroportos de S\u00e3o Paulo, Guarulhos e Campinas que, devido ao grande n\u00famero de aeronaves, muitas vezes est\u00e3o congestionados.<\/p>\n<p>As condi\u00e7\u00f5es clim\u00e1ticas e topogr\u00e1ficas da regi\u00e3o favorecem a operacionalidade de v\u00f4o, estando seu aeroporto, na maioria dos dias, em condi\u00e7\u00f5es visuais para v\u00f4o.<\/p>\n<p>Junto ao aeroporto est\u00e1 instalado o Aeroclube de Bragan\u00e7a Paulista, que atua na forma\u00e7\u00e3o de pilotos civis.<\/p>\n<p><em>Fonte: Aeroclube de Bragan\u00e7a Paulista<\/em><\/p>\n<h4>Transporte Coletivo<\/h4>\n<p>O transporte coletivo de Bragan\u00e7a \u00e9 feito pela empresa Nossa Senhora de F\u00e1tima Auto \u00d4nibus, que conta com 21 linhas urbanas, 9 suburbanas e 4 intermunicipais (servindo aos munic\u00edpios de Vargem e Tuiuti). Com uma frota de 80 ve\u00edculos, transporta aproximadamente 1.000.000 de passageiros por m\u00eas, servindo \u00e0 popula\u00e7\u00e3o 21 horas por dia.<\/p>\n<p><em>Fonte: Nossa Senhora de F\u00e1tima Auto \u00d4nibus<\/em><\/p>\n<h4>Sede de Regi\u00e3o de Governo<\/h4>\n<p>Bragan\u00e7a, Sede de Regi\u00e3o de Governo, faz parte da Regi\u00e3o Administrativa de Campinas. A Regi\u00e3o Bragantina, abrange 15 munic\u00edpios: Vargem, Tuiuti, Pedra Bela, Pinhalzinho, Socorro, Lind\u00f3ia, \u00c1guas de Lind\u00f3ia, Serra Negra, Amparo, Monte Alegre do Sul, Atibaia, Bom Jesus dos Perd\u00f5es, Nazar\u00e9 Paulista, Piracaia e Joan\u00f3polis.<\/p>\n<p><em>Fonte: Funda\u00e7\u00e3o SEAD &#8211; Perfil Municipal &#8211; Regi\u00e3o de Campinas &#8211; 1991<\/em><\/p>\n<h4>Energia El\u00e9trica<\/h4>\n<p><img loading=\"lazy\" decoding=\"async\" class=\"alignleft\" src=\"https:\/\/guiadovinho.com.br\/fotos\/grede_eeb.jpg\" width=\"320\" height=\"182\" align=\"left\" border=\"0\">O abastecimento de energia el\u00e9trica \u00e9 feito pela E.E.B. &#8211; Empresa El\u00e9trica Bragantina S\/A. Mais de 90.000 clientes s\u00e3o servidos de energia el\u00e9trica, com excelentes servi\u00e7os prestados e com total cobertura \u00e0 expans\u00e3o industrial. A Empresa El\u00e9trica Bragantina foi criada em 1923, quando o Coronel Ant\u00f4nio Gordinho Filho e outros familiares passaram a controlar as a\u00e7\u00f5es da Leme, Siqueira, Gordinho &amp; Cia. Ltda, primeira empresa da regi\u00e3o a atuar no setor energ\u00e9tico, criada em 1903.<\/p>\n<p>Naquela \u00e9poca, Bragan\u00e7a Paulista vivia em crescente desenvolvimento decorrente da cultura do caf\u00e9 e as atividades da Leme, Siqueira, Gordinho &amp; Cia.&nbsp;tiveram in\u00edcio com a constru\u00e7\u00e3o das usinas Flores e Guaraciaba, localizadas no munic\u00edpio de Vargem, hoje desativadas.<\/p>\n<p>Por volta de 1941,&nbsp;j\u00e1&nbsp;REDE Bragantina, passou a atuar interestadualmente, ampliando os servi\u00e7os ao munic\u00edpio de Extrema, no sul de Minas Gerais. Mas na d\u00e9cada de 50, o desenvolvimento&nbsp;foi contido pela crise do caf\u00e9, quando&nbsp;este foi substitu\u00eddo pela cria\u00e7\u00e3o de gado leiteiro.<\/p>\n<p>Em 1966, os herdeiros do Cel. Gordinho Filho assumiram o controle acion\u00e1rio da empresa. Na mesma \u00e9poca, a regi\u00e3o retomava o desenvolvimento e a&nbsp;REDE Bragantina, impulsionada por tal recupera\u00e7\u00e3o, ampliou suas&nbsp;linhas de distribui\u00e7\u00e3o, inclusive para outras cidades do Estado.<\/p>\n<p>A empresa deu origem ao conjunto de concession\u00e1rias que formam o Grupo REDE e, atualmente, conta com&nbsp;169 funcion\u00e1rios e abastece 15 munic\u00edpios da regi\u00e3o de Bragan\u00e7a Paulista, entre os estados de S\u00e3o Paulo e Minas Gerais.<\/p>\n<p><em>Fonte: Site do Grupo Rede e Livro Esta \u00e9 Bragan\u00e7a.<\/em><\/p>\n<h4>Com\u00e9rcio<\/h4>\n<p>Bragan\u00e7a tornou-se um importante centro comercial da Regi\u00e3o Bragantina e Sul de Minas. As grandes empresas comerciais procuram, e encontram, mercado favor\u00e1vel \u00e0 expans\u00e3o de seus neg\u00f3cios, contribuindo para diversifica\u00e7\u00e3o e melhoria de qualidade de oferta. Os indicadores apontam para um crescimento regular; com predomin\u00e2ncia do com\u00e9rcio varejista, destacando-se o de alimentos, vestu\u00e1rio, agr\u00edcola e de eletrodom\u00e9sticos.<\/p>\n<p><em>Fonte: C\u00e2mara Municipal<\/em><\/p>\n<h4>Educa\u00e7\u00e3o<\/h4>\n<p><img loading=\"lazy\" decoding=\"async\" class=\"alignleft\" src=\"https:\/\/guiadovinho.com.br\/fotos\/logo_usf.gif\" alt=\"Logo USF\" width=\"53\" height=\"50\" align=\"left\">Bragan\u00e7a consta dentre as poucas cidades do pa\u00eds a sediar uma Universidade de alto n\u00edvel e uma Funda\u00e7\u00e3o de Ensino Superior. S\u00e3o patrim\u00f4nios inestim\u00e1veis e valorizados em muito pela comunidade bragantina, n\u00e3o s\u00f3 no que diz respeito ao objetivo principal voltado para a educa\u00e7\u00e3o e pesquisam como tamb\u00e9m pelos seus servi\u00e7os.<br \/>\nEm 1991 o \u00edndice de alfabetiza\u00e7\u00e3o era de 85,25% da popula\u00e7\u00e3o.<\/p>\n<p><em>Fonte: IBGE<\/em><\/p>\n","protected":false},"excerpt":{"rendered":"<p>Os dados dessa p\u00e1gina foram atualizados em Junho de 2009 e requerem novas atualiza\u00e7\u00f5es. BRAGAN\u00c7A PAULISTA, fundada em 15 de dezembro de 1763 pelo casal Antonio Pires Pimentel e In\u00e1cia da Silva Pimentel em cumprimento a uma promessa feita a Nossa Senhora da Concei\u00e7\u00e3o, foi criada como Distrito de Paz e Freguesia de Concei\u00e7\u00e3o do [&hellip;]<\/p>\n","protected":false},"author":1,"featured_media":0,"parent":0,"menu_order":0,"comment_status":"closed","ping_status":"closed","template":"","meta":{"footnotes":""},"class_list":["post-292","page","type-page","status-publish","hentry"],"yoast_head":"<!-- This site is optimized with the Yoast SEO plugin v26.9 - https:\/\/yoast.com\/product\/yoast-seo-wordpress\/ -->\n<title>Hist\u00f3ria e Informa\u00e7\u00f5es de Bragan\u00e7a Paulista - Guia do Vinho<\/title>\n<meta name=\"robots\" content=\"index, follow, max-snippet:-1, max-image-preview:large, max-video-preview:-1\" \/>\n<link rel=\"canonical\" href=\"https:\/\/guiadovinho.com.br\/?page_id=292\" \/>\n<meta property=\"og:locale\" content=\"pt_BR\" \/>\n<meta property=\"og:type\" content=\"article\" \/>\n<meta property=\"og:title\" content=\"Hist\u00f3ria e Informa\u00e7\u00f5es de Bragan\u00e7a Paulista - Guia do Vinho\" \/>\n<meta property=\"og:description\" content=\"Os dados dessa p\u00e1gina foram atualizados em Junho de 2009 e requerem novas atualiza\u00e7\u00f5es. BRAGAN\u00c7A PAULISTA, fundada em 15 de dezembro de 1763 pelo casal Antonio Pires Pimentel e In\u00e1cia da Silva Pimentel em cumprimento a uma promessa feita a Nossa Senhora da Concei\u00e7\u00e3o, foi criada como Distrito de Paz e Freguesia de Concei\u00e7\u00e3o do [&hellip;]\" \/>\n<meta property=\"og:url\" content=\"https:\/\/guiadovinho.com.br\/?page_id=292\" \/>\n<meta property=\"og:site_name\" content=\"Guia do Vinho\" \/>\n<meta property=\"og:image\" content=\"https:\/\/guiadovinho.com.br\/fotos\/brag_aeroclube.jpg\" \/>\n<meta name=\"twitter:card\" content=\"summary_large_image\" \/>\n<meta name=\"twitter:label1\" content=\"Est. tempo de leitura\" \/>\n\t<meta name=\"twitter:data1\" content=\"6 minutos\" \/>\n<script type=\"application\/ld+json\" class=\"yoast-schema-graph\">{\"@context\":\"https:\/\/schema.org\",\"@graph\":[{\"@type\":\"WebPage\",\"@id\":\"https:\/\/guiadovinho.com.br\/?page_id=292\",\"url\":\"https:\/\/guiadovinho.com.br\/?page_id=292\",\"name\":\"Hist\u00f3ria e Informa\u00e7\u00f5es de Bragan\u00e7a Paulista - Guia do Vinho\",\"isPartOf\":{\"@id\":\"https:\/\/guiadovinho.com.br\/#website\"},\"primaryImageOfPage\":{\"@id\":\"https:\/\/guiadovinho.com.br\/?page_id=292#primaryimage\"},\"image\":{\"@id\":\"https:\/\/guiadovinho.com.br\/?page_id=292#primaryimage\"},\"thumbnailUrl\":\"https:\/\/guiadovinho.com.br\/fotos\/brag_aeroclube.jpg\",\"datePublished\":\"2009-06-22T16:25:27+00:00\",\"breadcrumb\":{\"@id\":\"https:\/\/guiadovinho.com.br\/?page_id=292#breadcrumb\"},\"inLanguage\":\"pt-BR\",\"potentialAction\":[{\"@type\":\"ReadAction\",\"target\":[\"https:\/\/guiadovinho.com.br\/?page_id=292\"]}]},{\"@type\":\"ImageObject\",\"inLanguage\":\"pt-BR\",\"@id\":\"https:\/\/guiadovinho.com.br\/?page_id=292#primaryimage\",\"url\":\"https:\/\/guiadovinho.com.br\/fotos\/brag_aeroclube.jpg\",\"contentUrl\":\"https:\/\/guiadovinho.com.br\/fotos\/brag_aeroclube.jpg\"},{\"@type\":\"BreadcrumbList\",\"@id\":\"https:\/\/guiadovinho.com.br\/?page_id=292#breadcrumb\",\"itemListElement\":[{\"@type\":\"ListItem\",\"position\":1,\"name\":\"In\u00edcio\",\"item\":\"https:\/\/guiadovinho.com.br\/\"},{\"@type\":\"ListItem\",\"position\":2,\"name\":\"Hist\u00f3ria e Informa\u00e7\u00f5es de Bragan\u00e7a Paulista\"}]},{\"@type\":\"WebSite\",\"@id\":\"https:\/\/guiadovinho.com.br\/#website\",\"url\":\"https:\/\/guiadovinho.com.br\/\",\"name\":\"Guia do Vinho\",\"description\":\"O vinho e as coisas boas da vida\",\"publisher\":{\"@id\":\"https:\/\/guiadovinho.com.br\/#organization\"},\"potentialAction\":[{\"@type\":\"SearchAction\",\"target\":{\"@type\":\"EntryPoint\",\"urlTemplate\":\"https:\/\/guiadovinho.com.br\/?s={search_term_string}\"},\"query-input\":{\"@type\":\"PropertyValueSpecification\",\"valueRequired\":true,\"valueName\":\"search_term_string\"}}],\"inLanguage\":\"pt-BR\"},{\"@type\":\"Organization\",\"@id\":\"https:\/\/guiadovinho.com.br\/#organization\",\"name\":\"Guia do Vinho\",\"url\":\"https:\/\/guiadovinho.com.br\/\",\"logo\":{\"@type\":\"ImageObject\",\"inLanguage\":\"pt-BR\",\"@id\":\"https:\/\/guiadovinho.com.br\/#\/schema\/logo\/image\/\",\"url\":\"https:\/\/guiadovinho.com.br\/wp-content\/uploads\/2019\/12\/logo_guia_do_vinho.jpg\",\"contentUrl\":\"https:\/\/guiadovinho.com.br\/wp-content\/uploads\/2019\/12\/logo_guia_do_vinho.jpg\",\"width\":279,\"height\":68,\"caption\":\"Guia do Vinho\"},\"image\":{\"@id\":\"https:\/\/guiadovinho.com.br\/#\/schema\/logo\/image\/\"}}]}<\/script>\n<!-- \/ Yoast SEO plugin. -->","yoast_head_json":{"title":"Hist\u00f3ria e Informa\u00e7\u00f5es de Bragan\u00e7a Paulista - Guia do Vinho","robots":{"index":"index","follow":"follow","max-snippet":"max-snippet:-1","max-image-preview":"max-image-preview:large","max-video-preview":"max-video-preview:-1"},"canonical":"https:\/\/guiadovinho.com.br\/?page_id=292","og_locale":"pt_BR","og_type":"article","og_title":"Hist\u00f3ria e Informa\u00e7\u00f5es de Bragan\u00e7a Paulista - Guia do Vinho","og_description":"Os dados dessa p\u00e1gina foram atualizados em Junho de 2009 e requerem novas atualiza\u00e7\u00f5es. BRAGAN\u00c7A PAULISTA, fundada em 15 de dezembro de 1763 pelo casal Antonio Pires Pimentel e In\u00e1cia da Silva Pimentel em cumprimento a uma promessa feita a Nossa Senhora da Concei\u00e7\u00e3o, foi criada como Distrito de Paz e Freguesia de Concei\u00e7\u00e3o do [&hellip;]","og_url":"https:\/\/guiadovinho.com.br\/?page_id=292","og_site_name":"Guia do Vinho","og_image":[{"url":"https:\/\/guiadovinho.com.br\/fotos\/brag_aeroclube.jpg","type":"","width":"","height":""}],"twitter_card":"summary_large_image","twitter_misc":{"Est. tempo de leitura":"6 minutos"},"schema":{"@context":"https:\/\/schema.org","@graph":[{"@type":"WebPage","@id":"https:\/\/guiadovinho.com.br\/?page_id=292","url":"https:\/\/guiadovinho.com.br\/?page_id=292","name":"Hist\u00f3ria e Informa\u00e7\u00f5es de Bragan\u00e7a Paulista - Guia do Vinho","isPartOf":{"@id":"https:\/\/guiadovinho.com.br\/#website"},"primaryImageOfPage":{"@id":"https:\/\/guiadovinho.com.br\/?page_id=292#primaryimage"},"image":{"@id":"https:\/\/guiadovinho.com.br\/?page_id=292#primaryimage"},"thumbnailUrl":"https:\/\/guiadovinho.com.br\/fotos\/brag_aeroclube.jpg","datePublished":"2009-06-22T16:25:27+00:00","breadcrumb":{"@id":"https:\/\/guiadovinho.com.br\/?page_id=292#breadcrumb"},"inLanguage":"pt-BR","potentialAction":[{"@type":"ReadAction","target":["https:\/\/guiadovinho.com.br\/?page_id=292"]}]},{"@type":"ImageObject","inLanguage":"pt-BR","@id":"https:\/\/guiadovinho.com.br\/?page_id=292#primaryimage","url":"https:\/\/guiadovinho.com.br\/fotos\/brag_aeroclube.jpg","contentUrl":"https:\/\/guiadovinho.com.br\/fotos\/brag_aeroclube.jpg"},{"@type":"BreadcrumbList","@id":"https:\/\/guiadovinho.com.br\/?page_id=292#breadcrumb","itemListElement":[{"@type":"ListItem","position":1,"name":"In\u00edcio","item":"https:\/\/guiadovinho.com.br\/"},{"@type":"ListItem","position":2,"name":"Hist\u00f3ria e Informa\u00e7\u00f5es de Bragan\u00e7a Paulista"}]},{"@type":"WebSite","@id":"https:\/\/guiadovinho.com.br\/#website","url":"https:\/\/guiadovinho.com.br\/","name":"Guia do Vinho","description":"O vinho e as coisas boas da vida","publisher":{"@id":"https:\/\/guiadovinho.com.br\/#organization"},"potentialAction":[{"@type":"SearchAction","target":{"@type":"EntryPoint","urlTemplate":"https:\/\/guiadovinho.com.br\/?s={search_term_string}"},"query-input":{"@type":"PropertyValueSpecification","valueRequired":true,"valueName":"search_term_string"}}],"inLanguage":"pt-BR"},{"@type":"Organization","@id":"https:\/\/guiadovinho.com.br\/#organization","name":"Guia do Vinho","url":"https:\/\/guiadovinho.com.br\/","logo":{"@type":"ImageObject","inLanguage":"pt-BR","@id":"https:\/\/guiadovinho.com.br\/#\/schema\/logo\/image\/","url":"https:\/\/guiadovinho.com.br\/wp-content\/uploads\/2019\/12\/logo_guia_do_vinho.jpg","contentUrl":"https:\/\/guiadovinho.com.br\/wp-content\/uploads\/2019\/12\/logo_guia_do_vinho.jpg","width":279,"height":68,"caption":"Guia do Vinho"},"image":{"@id":"https:\/\/guiadovinho.com.br\/#\/schema\/logo\/image\/"}}]}},"_links":{"self":[{"href":"https:\/\/guiadovinho.com.br\/index.php?rest_route=\/wp\/v2\/pages\/292","targetHints":{"allow":["GET"]}}],"collection":[{"href":"https:\/\/guiadovinho.com.br\/index.php?rest_route=\/wp\/v2\/pages"}],"about":[{"href":"https:\/\/guiadovinho.com.br\/index.php?rest_route=\/wp\/v2\/types\/page"}],"author":[{"embeddable":true,"href":"https:\/\/guiadovinho.com.br\/index.php?rest_route=\/wp\/v2\/users\/1"}],"replies":[{"embeddable":true,"href":"https:\/\/guiadovinho.com.br\/index.php?rest_route=%2Fwp%2Fv2%2Fcomments&post=292"}],"version-history":[{"count":0,"href":"https:\/\/guiadovinho.com.br\/index.php?rest_route=\/wp\/v2\/pages\/292\/revisions"}],"wp:attachment":[{"href":"https:\/\/guiadovinho.com.br\/index.php?rest_route=%2Fwp%2Fv2%2Fmedia&parent=292"}],"curies":[{"name":"wp","href":"https:\/\/api.w.org\/{rel}","templated":true}]}}