{"id":105,"date":"2007-08-02T11:41:41","date_gmt":"2007-08-02T14:41:41","guid":{"rendered":"http:\/\/www.guiadovinho.com.br\/?page_id=105"},"modified":"2007-08-02T11:41:41","modified_gmt":"2007-08-02T14:41:41","slug":"vinhos-de-bordeaux","status":"publish","type":"page","link":"https:\/\/guiadovinho.com.br\/?page_id=105","title":{"rendered":"Vinhos de Bordeaux"},"content":{"rendered":"<h2><strong>BORDEAUX &#8211; CRU BOURGEOIS<\/strong><\/h2>\n<p><img loading=\"lazy\" decoding=\"async\" class=\"alignright\" src=\"\/fotos\/bordeaux.jpg\" alt=\"\" width=\"67\" height=\"58\" \/>A regi\u00e3o de <strong>Bordeaux<\/strong> localiza-se a sudoeste da Fran\u00e7a, pr\u00f3ximo ao Oceano Atl\u00e2ntico. Os vinhedos acompanham os cursos dos rios Garonne e Dordogne que desembocam no Gironde at\u00e9 o seu estu\u00e1rio. Bordeaux \u00e9 a principal cidade da regi\u00e3o e um dos mais importantes portos da Fran\u00e7a.<\/p>\n<p>As estat\u00edsticas dessa regi\u00e3o s\u00e3o realmente impressionantes. <strong>Bordeaux<\/strong> \u00e9 o maior vinhedo demarcado em extens\u00e3o do mundo. \u00c9, tamb\u00e9m, o maior produtor de vinhos finos. S\u00e3o aproximadamente 13 mil propriedades que cultivam cerca de 100 mil hectares e produzem (anualmente) 660 milh\u00f5es de garrafas.<\/p>\n<h3>Caracter\u00edsticas<\/h3>\n<p>Devido ao bom n\u00famero de rios que abastecem a regi\u00e3o, <strong>Bordeaux<\/strong> n\u00e3o precisa se preocupar com suas necessidades h\u00eddricas. O clima \u00e9 oce\u00e2nico temperado. A diversidade de solos \u00e9 incr\u00edvel: graves (cascalhos com areia), argilo-calc\u00e1rio, argiloso, arenoso e cascalhado.<\/p>\n<h3>As principais castas tintas cultivadas s\u00e3o:<\/h3>\n<p><b>Cabernet Sauvignon<\/b>: Casta de amadurecimento mais tardio, precisa de solos mais quentes e secos do tipo arenoso (M\u00e9doc e Graves). Empresta ao vinho a capacidade de guarda, os taninos, a acidez e aromas de frutas vermelhas e pimenta.<\/p>\n<p><b>Merlot<\/b>: \u00c9 a casta tinta mais cultivada em Bordeaux. Amadurece mais cedo, precisa de solos mais frescos e argilosos (Pomerol e Saint-Emilion). Respons\u00e1vel pela cor, \u00e1lcool, maciez e redondeza. Origina vinhos encorpados que evoluem mais r\u00e1pido e que apresentam aromas de ca\u00e7a e &#8220;sous-bois&#8221;.<\/p>\n<p><b>Cabernet Franc<\/b>: Casta menos utilizada, por\u00e9m muito importante. Tamb\u00e9m \u00e9 respons\u00e1vel pelo \u00e1lcool nos vinhos. Os aromas tendem para terrosos e animal. \u00c9 muito cultivada em Saint-Emilion.<\/p>\n<h3>Principais Regi\u00f5es<\/h3>\n<p>Bordeaux possui 57 AOC&#8217;s que est\u00e3o agrupadas nas principais sub-regi\u00f5es. As melhores s\u00e3o:<\/p>\n<ul>\n<li><b>M\u00e9doc<\/b>: Significa &#8220;terra do meio&#8221; porque est\u00e1 localizada entre o Atl\u00e2ntico e o estu\u00e1rio do Gironde. O solo \u00e9 pobre, filtrante e quente, perfeito para a matura\u00e7\u00e3o completa da Cabernet Sauvignon. Seus vinhos s\u00e3o mais robustos, encorpados e com excelente potencial de guarda. Possui 08 denomina\u00e7\u00f5es: M\u00e9doc e Haut-M\u00e9doc (regionais); Saint-Est\u00e8phe, Pauillac, Saint-Julien, Listrac-M\u00e9doc, Moulis e Margaux.<\/li>\n<li><b>Graves<\/b>: Regi\u00e3o abaixo da cidade de Bordeaux que acompanha o curso do Garonne. O solo \u00e9 mais arenoso e argiloso, produzindo vinhos tintos mais encorpados. Sua melhor denomina\u00e7\u00e3o \u00e9 Pessac-L\u00e9ognan.<\/li>\n<li><b>Sauternes e Barsac<\/b>: Est\u00e1 localizada a 40 Km ao sul da cidade de Bordeaux. Possui um micro-clima muito particular que propicia o aparecimento do fungo Botrytis Cin\u00e9rea. Esse fungo \u00e9 respons\u00e1vel pelo ataque \u00e0s uvas e conseq\u00fcentemente, ao aparecimento do famoso vinho de sobremesa Sauternes. Sua principal casta \u00e9 a S\u00e9millon.<\/li>\n<li><b>Entre-Deux-Mers<\/b>: Est\u00e1 situado entre os rios Garonne e Dordogne, em encostas suaves e pequenos vales. A regi\u00e3o produz mais brancos que tintos e as principais castas s\u00e3o: S\u00e9millon e Sauvignon Blanc.<\/li>\n<li><b>Libournais<\/b>: Esta regi\u00e3o localiza-se na margem direita do rio Dordogne, ao redor da cidade de Libourne. Seus vinhos s\u00e3o quase que exclusivamente tintos e a casta predominante \u00e9 a Merlot. As principais denomina\u00e7\u00f5es s\u00e3o: Saint-Emilion, Pomerol e Fronsac.<\/li>\n<\/ul>\n<h3>Classifica\u00e7\u00f5es<\/h3>\n<p>A tipicidade dos vinhos e vinhedos de Bordeaux se deve a exist\u00eancia de uma hierarquia entre os diferentes terrenos (crus) das v\u00e1rias denomina\u00e7\u00f5es. Existem muitas sub-regi\u00f5es, apela\u00e7\u00f5es e ch\u00e2teaux, portanto, seria melhor dividirmos os vinhos em 03 categorias:<\/p>\n<p style=\"padding-left: 30px;\"><strong>Gen\u00e9ricos<\/strong>: S\u00e3o os vinhos (brancos, ros\u00e9s e tintos) que podem ser feitos em qualquer parte de Bordeaux. Correspondem hoje por aproximadamente 45% da produ\u00e7\u00e3o. Exemplo: Bordeaux Rouge e Bordeaux Sup\u00e9rieur.<br \/>\nRegionais: S\u00e3o os vinhos feitos numa sub-regi\u00e3o espec\u00edfica. Exemplo: M\u00e9doc, Haut-M\u00e9doc, Graves e Sauternes.<\/p>\n<p style=\"padding-left: 30px;\"><strong>Comunais<\/strong>: S\u00e3o os vinhos mais procurados. Al\u00e9m de pertencerem a uma sub-regi\u00e3o espec\u00edfica, indicam a comuna (lugarejo) onde foram feitos. Exemplo: Margaux, Pauillac e Pomerol.<\/p>\n<p>O termo &#8220;cru&#8221; surgiu na Borgonha e indica uma determinada parcela de terra (terreno) que produz um vinho espec\u00edfico cuja caracter\u00edsticas se repetem nas mais variadas safras. Ou seja, na Borgonha, \u00e9 o terreno que recebe a denomina\u00e7\u00e3o de &#8220;cru&#8221;. Em Bordeaux \u00e9 diferente. \u00c9 a propriedade (chateau) que recebe a classifica\u00e7\u00e3o.<\/p>\n<p>Em 1855, por conta da Exposi\u00e7\u00e3o Universal de Paris de 1856, o sindicado dos corretores de vinhos de Bordeaux classificou apenas os vinhos do <b>M\u00e9doc<\/b> com base no pre\u00e7o. Foram classificados 58 vinhos (propriedades) em 05 crus: Premiers Cru, Deuxi\u00e8mes Cru, Troisi\u00e8mes Cru, Quatri\u00e8mes Cru e Cinqui\u00e8mes Cru. Hoje s\u00e3o 61 vinhos.<\/p>\n<h3>Premiers Crus<\/h3>\n<ul>\n<li>Ch.Latour (Pauillac);<\/li>\n<li>Ch.Lafite-Rothschild (Pauillac);<\/li>\n<li>Ch.Mouton-Rothschild (Pauillac);<\/li>\n<li>Ch.Margaux (Margaux);<\/li>\n<li>Ch.Haut-Brion (Graves &#8211; Pessac).<\/li>\n<\/ul>\n<h3>Deuxi\u00e8mes Crus<\/h3>\n<ul>\n<li>Ch.Branc-Cantenac (Margaux);<\/li>\n<li>Ch.Dufort-Viviens (Margaux);<\/li>\n<li>Ch.Lascombes (Margaux);<\/li>\n<li>Ch.Raussan-S\u00e9gla (Margaux);<\/li>\n<li>Ch.Rauzan-Gassies (Margaux);<\/li>\n<li>Ch.Pichon Longueville Baron (Pauillac);<\/li>\n<li>Ch.Pichon Longueville Comtesse de Lalande (Pauillac);<\/li>\n<li>Ch.Cos d&#8217;Estournel (Saint-Est\u00e8phe);<\/li>\n<li>Ch.Montrose (Saint-Est\u00e8phe);<\/li>\n<li>Ch.Ducru-Beaucailou (Saint-Julien);<\/li>\n<li>Ch.Gruaud-Larose (Saint-Julien);<\/li>\n<li>Ch.L\u00e9oville-Las-Cases (Saint-Julien);<\/li>\n<li>Ch.L\u00e9oville-Poyferr\u00e9 (Saint-Julien);<\/li>\n<li>Ch.L\u00e9oville-Barton (Saint-Julien).<\/li>\n<\/ul>\n<h3>Troisi\u00e8mes Crus<\/h3>\n<ul>\n<li>Ch.La Lagune (Ludon);<\/li>\n<li>Ch.Boyd-Cantenac (Margaux);<\/li>\n<li>Ch.Cantenac-Brown (Margaux);<\/li>\n<li>Ch.Desmirail (Margaux);<\/li>\n<li>Ch.Ferri\u00e9re (Margaux);<\/li>\n<li>Ch.Giscours (Margaux);<\/li>\n<li>Ch.d&#8217;Issan (Margaux);<\/li>\n<li>Ch.Kirwan (Margaux);<\/li>\n<li>Ch.Malescot-Saint-Exup\u00e9ry (Margaux);<\/li>\n<li>Ch.Marquis d&#8217;Alesme-Becker (Margaux);<\/li>\n<li>Ch.Palmer (Margaux);<\/li>\n<li>Ch.Calon-S\u00e9gur (Saint-Est\u00e8phe);<\/li>\n<li>Ch.Lagrange (Saint Julien);<\/li>\n<li>Ch.Langoa (Saint Julien).<\/li>\n<\/ul>\n<h3>Quatri\u00e8mes Crus<\/h3>\n<ul>\n<li>Ch.La Tour-Carnet (Haut-M\u00e9doc);<\/li>\n<li>Ch.Marquis de Terme (Margaux);<\/li>\n<li>Ch.Pouget (Margaux);<\/li>\n<li>Ch.Prieur\u00e9-Lichine (Margaux);<\/li>\n<li>Ch.Duhart-Milon-Rothschild (Pauillac);<\/li>\n<li>Ch.Lafon-Rochet (Saint-Est\u00e8phe);<\/li>\n<li>Ch.Beychevelle (Saint Julien);<\/li>\n<li>Ch.Branaire-Ducru (Saint Julien);<\/li>\n<li>Ch.Saint-Pierre (Saint Julien);<\/li>\n<li>Ch.Talbot (Saint Julien).<\/li>\n<\/ul>\n<h3>Cinqui\u00e8mes Crus<\/h3>\n<ul>\n<li>Ch.Belgrave (Haut-M\u00e9doc);<\/li>\n<li>Ch.Camensac (Haut-M\u00e9doc);<\/li>\n<li>Ch.Cantemele (Haut-M\u00e9doc);<\/li>\n<li>Ch.Dauzac (Margaux);<\/li>\n<li>Ch.Du Tertre (Margaux);<\/li>\n<li>Ch.Batailley (Pauillac);<\/li>\n<li>Ch.Haut-Batailley (Pauillac);<\/li>\n<li>Ch.Clerc-Milon (Pauillac);<\/li>\n<li>Ch.Croizet-Bages (Pauillac);<\/li>\n<li>Ch.Grand-Puy-Ducasse (Pauillac);<\/li>\n<li>Ch.Grand-Puy-Lacoste (Pauillac);<\/li>\n<li>Ch.Haut-Bages-Lib\u00e9ral (Pauillac);<\/li>\n<li>Ch.Lynch-Bages (Pauillac);<\/li>\n<li>Ch.Lynch-Moussas (Pauillac);<\/li>\n<li>Ch.Mouton-Baronne Philippe (Pauillac);<\/li>\n<li>Ch.P\u00e9desclaux (Pauillac);<\/li>\n<li>Ch.Pontet-Canet (Pauillac);<\/li>\n<li>Ch.Cos-Labory (Saint Est\u00e8phe).<\/li>\n<\/ul>\n<p style=\"padding-left: 30px;\">Acontece que muitos vinhos ficaram de fora. Esse descontentamento fez surgir o &#8220;Syndicat des Crus Bourgeois du M\u00e9doc&#8221; que criou uma lista paralela dos outros bons produtores. Em 2003 essa lista se tornou oficial. Foram classificados mais 247 produtores do <b>M\u00e9doc<\/b>. Essa classifica\u00e7\u00e3o divide os vinhos em 03 categorias: Crus Bourgeois Exceptionnels (9), Crus Bourgeois Sup\u00e9rieurs (87) e Crus Bourgeois (151).<\/p>\n<h3>Crus Bourgeois Exceptionnels<\/h3>\n<ul>\n<li>Ch.Siran (Margaux);<\/li>\n<li>Ch.Lab\u00e9gorce-Z\u00e9d\u00e9 (Margaux);<\/li>\n<li>Ch.Haut-Marbuzet (Saint Est\u00e8phe);<\/li>\n<li>Ch.Les Ormes de Pez (Saint Est\u00e8phe);<\/li>\n<li>Ch.de Pez (Saint Est\u00e8phe);<\/li>\n<li>Ch.Ph\u00e9lan-S\u00e9gur (Saint Est\u00e8phe);<\/li>\n<li>Ch.Potensac (M\u00e9doc);<\/li>\n<li>Ch.Chasse-Spleen (Moulis);<\/li>\n<li>Ch.Poujeaux (Moulis).<\/li>\n<\/ul>\n<p style=\"padding-left: 30px;\">Ainda em 1855, a classifica\u00e7\u00e3o tamb\u00e9m atendeu \u00e0 regi\u00e3o de <b>Sauternes-Barsac<\/b>.<\/p>\n<h3>Premier Grand Cru<\/h3>\n<ul>\n<li>Ch.d&#8217;Yquem.<\/li>\n<\/ul>\n<h3>Premiers Crus<\/h3>\n<ul>\n<li>Ch.Climens;<\/li>\n<li>Ch.Clos Haut-Peyraguey;<\/li>\n<li>Ch.Coutet;<\/li>\n<li>Ch.Guiraud;<\/li>\n<li>Ch.Lafaurie-Peyraguey;<\/li>\n<li>Ch.Rayne-Vigenau;<\/li>\n<li>Ch.Rabaud-Promis;<\/li>\n<li>Ch.Sigalas-Rabaud;<\/li>\n<li>Ch.Rieussec;<\/li>\n<li>Ch.Suduiraut;<\/li>\n<li>Ch.La Tour-Blanche.<\/li>\n<\/ul>\n<h3>Deuxi\u00e8mes Crus<\/h3>\n<ul>\n<li>Ch.Broustet;<\/li>\n<li>Ch.Caillou;<\/li>\n<li>Ch.d&#8217;Arche;<\/li>\n<li>Ch.de Malle;<\/li>\n<li>Ch.Doisy-Da\u00eane;<\/li>\n<li>Ch.Doisy-Dubroca;<\/li>\n<li>Ch.Doisy-V\u00e9drines;<\/li>\n<li>Ch.Filhot;<\/li>\n<li>Ch.Lamothe (Despujols);<\/li>\n<li>Ch.Lamothe (Guignard);<\/li>\n<li>Ch.Myrat;<\/li>\n<li>Ch.Nairac;<\/li>\n<li>Ch.Romer;<\/li>\n<li>Ch.Romer-Du-Hayot;<\/li>\n<li>Ch.Suau.<\/li>\n<\/ul>\n<p style=\"padding-left: 30px;\">Em 1953 (reeditado em 1959), a regi\u00e3o de <b>Pessac-L\u00e9ognan<\/b> se separou de <b>Graves<\/b> e recebeu a demarca\u00e7\u00e3o dos seus vinhedos (crus).<\/p>\n<h3>Crus Class\u00e9s<\/h3>\n<ul>\n<li>Ch.Haut-Brion;<\/li>\n<li>Ch.Boscaut;<\/li>\n<li>Ch.Carbonnieux;<\/li>\n<li>Ch.Dom.de Chevalier;<\/li>\n<li>Ch.Fieuzal;<\/li>\n<li>Ch.Haut-Bailly;<\/li>\n<li>Ch.La Mission Haut-Brion;<\/li>\n<li>Ch.La Tour Haut-Brion;<\/li>\n<li>Ch.La Tour-Martillac;<\/li>\n<li>Ch.Malartic-Lagravi\u00e8re;<\/li>\n<li>Ch.Olivier;<\/li>\n<li>Ch.Pape-Cl\u00e9ment;<\/li>\n<li>Ch.Smith Haut-Lafite.<\/li>\n<\/ul>\n<p style=\"padding-left: 30px;\">Em 1954 a regi\u00e3o de <b>Saint-Emilion<\/b> recebeu a demarca\u00e7\u00e3o dos seus vinhedos (crus). A cada 10 anos \u00e9 feita uma nova avalia\u00e7\u00e3o. A classifica\u00e7\u00e3o dos melhores \u00e9: <i>Premier Grand Cru (&#8220;A&#8221; e &#8220;B&#8221;), Grand Cru Class\u00e9 e Grand Cru<\/i>.<\/p>\n<h3>Premiers Grand Crus &#8220;A&#8221; (1996)<\/h3>\n<ul>\n<li>Ch.Cheval Blanc;<\/li>\n<li>Ch.Ausone.<\/li>\n<\/ul>\n<h3>Premiers Grand Crus &#8220;B&#8221; (1996)<\/h3>\n<ul>\n<li>Ch.Beaus\u00e9jour-Duffau-Lagarosse;<\/li>\n<li>Ch.Belair;<\/li>\n<li>Ch.Canon;<\/li>\n<li>Ch.Clos Fourtet;<\/li>\n<li>Ch.Figeac;<\/li>\n<li>Ch.La Gaffeli\u00e8re;<\/li>\n<li>Ch.Magdelaine;<\/li>\n<li>Ch.Pavie;<\/li>\n<li>Ch.Trotevieille;<\/li>\n<li>Ch.L&#8217;Ang\u00e9lus;<\/li>\n<li>Ch.Beau-S\u00e9jour-B\u00e9cot.<\/li>\n<\/ul>\n<p><b>Pomerol<\/b> \u00e9 uma denomina\u00e7\u00e3o muito pequena que ainda n\u00e3o possui uma classifica\u00e7\u00e3o. Mesmo assim, produz alguns vinhos realmente excepcionais, tais como:<\/p>\n<ul>\n<li>Ch.Petrus;<\/li>\n<li>Ch.Le Pin;<\/li>\n<li>Ch.Trotanoy;<\/li>\n<li>Ch.L&#8217;\u00c9vangile;<\/li>\n<li>Ch.La Fleur-P\u00e9trus;<\/li>\n<li>Ch.Le Gay.<\/li>\n<\/ul>\n<h6>Vinhos Degustados<\/h6>\n<ul>\n<li>Ch\u00e2teau Meyre 2000 (Haut-M\u00e9doc) &#8211; Valor de Refer\u00eancia: RS 100,00*<\/li>\n<li>Ch\u00e2teau D&#8217;Angludet 2000 (Margaux) (WS89 &#8211; RP88) &#8211; Valor de Refer\u00eancia: R$ 330,00*<\/li>\n<li>Ch\u00e2teau Ph\u00e9lan S\u00e9gur 2000 (Saint Est\u00e8phe &#8211; ) (WS89) &#8211; Valor de Refer\u00eancia: R$ 330,00*<\/li>\n<li>Chatons du C\u00e8dre 2001 (Cahors &#8211; Malbec 80% \/ Merlot 20%) &#8211; Valor de Refer\u00eancia: R$ 39,00*<\/li>\n<\/ul>\n<p><i>* valores de refer\u00eancia em julho\/2007.<\/i><\/p>\n<h3>Mapa da Regi\u00e3o de Bordeaux<\/h3>\n<p><img loading=\"lazy\" decoding=\"async\" class=\"alignnone\" src=\"\/fotos\/bordeaux_mapa.jpg\" alt=\"Mapa da Regi\u00e3o de Bordeaux\" width=\"333\" height=\"369\" border=\"0\" \/><\/p>\n","protected":false},"excerpt":{"rendered":"<p>BORDEAUX &#8211; CRU BOURGEOIS A regi\u00e3o de Bordeaux localiza-se a sudoeste da Fran\u00e7a, pr\u00f3ximo ao Oceano Atl\u00e2ntico. Os vinhedos acompanham os cursos dos rios Garonne e Dordogne que desembocam no Gironde at\u00e9 o seu estu\u00e1rio. Bordeaux \u00e9 a principal cidade da regi\u00e3o e um dos mais importantes portos da Fran\u00e7a. As estat\u00edsticas dessa regi\u00e3o s\u00e3o [&hellip;]<\/p>\n","protected":false},"author":1,"featured_media":0,"parent":0,"menu_order":0,"comment_status":"closed","ping_status":"closed","template":"","meta":{"footnotes":""},"class_list":["post-105","page","type-page","status-publish","hentry"],"yoast_head":"<!-- This site is optimized with the Yoast SEO plugin v26.9 - https:\/\/yoast.com\/product\/yoast-seo-wordpress\/ -->\n<title>Vinhos de Bordeaux - Guia do Vinho<\/title>\n<meta name=\"robots\" content=\"index, follow, max-snippet:-1, max-image-preview:large, max-video-preview:-1\" \/>\n<link rel=\"canonical\" href=\"https:\/\/guiadovinho.com.br\/?page_id=105\" \/>\n<meta property=\"og:locale\" content=\"pt_BR\" \/>\n<meta property=\"og:type\" content=\"article\" \/>\n<meta property=\"og:title\" content=\"Vinhos de Bordeaux - Guia do Vinho\" \/>\n<meta property=\"og:description\" content=\"BORDEAUX &#8211; CRU BOURGEOIS A regi\u00e3o de Bordeaux localiza-se a sudoeste da Fran\u00e7a, pr\u00f3ximo ao Oceano Atl\u00e2ntico. Os vinhedos acompanham os cursos dos rios Garonne e Dordogne que desembocam no Gironde at\u00e9 o seu estu\u00e1rio. Bordeaux \u00e9 a principal cidade da regi\u00e3o e um dos mais importantes portos da Fran\u00e7a. As estat\u00edsticas dessa regi\u00e3o s\u00e3o [&hellip;]\" \/>\n<meta property=\"og:url\" content=\"https:\/\/guiadovinho.com.br\/?page_id=105\" \/>\n<meta property=\"og:site_name\" content=\"Guia do Vinho\" \/>\n<meta name=\"twitter:card\" content=\"summary_large_image\" \/>\n<meta name=\"twitter:label1\" content=\"Est. tempo de leitura\" \/>\n\t<meta name=\"twitter:data1\" content=\"7 minutos\" \/>\n<script type=\"application\/ld+json\" class=\"yoast-schema-graph\">{\"@context\":\"https:\/\/schema.org\",\"@graph\":[{\"@type\":\"WebPage\",\"@id\":\"https:\/\/guiadovinho.com.br\/?page_id=105\",\"url\":\"https:\/\/guiadovinho.com.br\/?page_id=105\",\"name\":\"Vinhos de Bordeaux - Guia do Vinho\",\"isPartOf\":{\"@id\":\"https:\/\/guiadovinho.com.br\/#website\"},\"datePublished\":\"2007-08-02T14:41:41+00:00\",\"breadcrumb\":{\"@id\":\"https:\/\/guiadovinho.com.br\/?page_id=105#breadcrumb\"},\"inLanguage\":\"pt-BR\",\"potentialAction\":[{\"@type\":\"ReadAction\",\"target\":[\"https:\/\/guiadovinho.com.br\/?page_id=105\"]}]},{\"@type\":\"BreadcrumbList\",\"@id\":\"https:\/\/guiadovinho.com.br\/?page_id=105#breadcrumb\",\"itemListElement\":[{\"@type\":\"ListItem\",\"position\":1,\"name\":\"In\u00edcio\",\"item\":\"https:\/\/guiadovinho.com.br\/\"},{\"@type\":\"ListItem\",\"position\":2,\"name\":\"Vinhos de Bordeaux\"}]},{\"@type\":\"WebSite\",\"@id\":\"https:\/\/guiadovinho.com.br\/#website\",\"url\":\"https:\/\/guiadovinho.com.br\/\",\"name\":\"Guia do Vinho\",\"description\":\"O vinho e as coisas boas da vida\",\"publisher\":{\"@id\":\"https:\/\/guiadovinho.com.br\/#organization\"},\"potentialAction\":[{\"@type\":\"SearchAction\",\"target\":{\"@type\":\"EntryPoint\",\"urlTemplate\":\"https:\/\/guiadovinho.com.br\/?s={search_term_string}\"},\"query-input\":{\"@type\":\"PropertyValueSpecification\",\"valueRequired\":true,\"valueName\":\"search_term_string\"}}],\"inLanguage\":\"pt-BR\"},{\"@type\":\"Organization\",\"@id\":\"https:\/\/guiadovinho.com.br\/#organization\",\"name\":\"Guia do Vinho\",\"url\":\"https:\/\/guiadovinho.com.br\/\",\"logo\":{\"@type\":\"ImageObject\",\"inLanguage\":\"pt-BR\",\"@id\":\"https:\/\/guiadovinho.com.br\/#\/schema\/logo\/image\/\",\"url\":\"https:\/\/guiadovinho.com.br\/wp-content\/uploads\/2019\/12\/logo_guia_do_vinho.jpg\",\"contentUrl\":\"https:\/\/guiadovinho.com.br\/wp-content\/uploads\/2019\/12\/logo_guia_do_vinho.jpg\",\"width\":279,\"height\":68,\"caption\":\"Guia do Vinho\"},\"image\":{\"@id\":\"https:\/\/guiadovinho.com.br\/#\/schema\/logo\/image\/\"}}]}<\/script>\n<!-- \/ Yoast SEO plugin. -->","yoast_head_json":{"title":"Vinhos de Bordeaux - Guia do Vinho","robots":{"index":"index","follow":"follow","max-snippet":"max-snippet:-1","max-image-preview":"max-image-preview:large","max-video-preview":"max-video-preview:-1"},"canonical":"https:\/\/guiadovinho.com.br\/?page_id=105","og_locale":"pt_BR","og_type":"article","og_title":"Vinhos de Bordeaux - Guia do Vinho","og_description":"BORDEAUX &#8211; CRU BOURGEOIS A regi\u00e3o de Bordeaux localiza-se a sudoeste da Fran\u00e7a, pr\u00f3ximo ao Oceano Atl\u00e2ntico. Os vinhedos acompanham os cursos dos rios Garonne e Dordogne que desembocam no Gironde at\u00e9 o seu estu\u00e1rio. Bordeaux \u00e9 a principal cidade da regi\u00e3o e um dos mais importantes portos da Fran\u00e7a. As estat\u00edsticas dessa regi\u00e3o s\u00e3o [&hellip;]","og_url":"https:\/\/guiadovinho.com.br\/?page_id=105","og_site_name":"Guia do Vinho","twitter_card":"summary_large_image","twitter_misc":{"Est. tempo de leitura":"7 minutos"},"schema":{"@context":"https:\/\/schema.org","@graph":[{"@type":"WebPage","@id":"https:\/\/guiadovinho.com.br\/?page_id=105","url":"https:\/\/guiadovinho.com.br\/?page_id=105","name":"Vinhos de Bordeaux - Guia do Vinho","isPartOf":{"@id":"https:\/\/guiadovinho.com.br\/#website"},"datePublished":"2007-08-02T14:41:41+00:00","breadcrumb":{"@id":"https:\/\/guiadovinho.com.br\/?page_id=105#breadcrumb"},"inLanguage":"pt-BR","potentialAction":[{"@type":"ReadAction","target":["https:\/\/guiadovinho.com.br\/?page_id=105"]}]},{"@type":"BreadcrumbList","@id":"https:\/\/guiadovinho.com.br\/?page_id=105#breadcrumb","itemListElement":[{"@type":"ListItem","position":1,"name":"In\u00edcio","item":"https:\/\/guiadovinho.com.br\/"},{"@type":"ListItem","position":2,"name":"Vinhos de Bordeaux"}]},{"@type":"WebSite","@id":"https:\/\/guiadovinho.com.br\/#website","url":"https:\/\/guiadovinho.com.br\/","name":"Guia do Vinho","description":"O vinho e as coisas boas da vida","publisher":{"@id":"https:\/\/guiadovinho.com.br\/#organization"},"potentialAction":[{"@type":"SearchAction","target":{"@type":"EntryPoint","urlTemplate":"https:\/\/guiadovinho.com.br\/?s={search_term_string}"},"query-input":{"@type":"PropertyValueSpecification","valueRequired":true,"valueName":"search_term_string"}}],"inLanguage":"pt-BR"},{"@type":"Organization","@id":"https:\/\/guiadovinho.com.br\/#organization","name":"Guia do Vinho","url":"https:\/\/guiadovinho.com.br\/","logo":{"@type":"ImageObject","inLanguage":"pt-BR","@id":"https:\/\/guiadovinho.com.br\/#\/schema\/logo\/image\/","url":"https:\/\/guiadovinho.com.br\/wp-content\/uploads\/2019\/12\/logo_guia_do_vinho.jpg","contentUrl":"https:\/\/guiadovinho.com.br\/wp-content\/uploads\/2019\/12\/logo_guia_do_vinho.jpg","width":279,"height":68,"caption":"Guia do Vinho"},"image":{"@id":"https:\/\/guiadovinho.com.br\/#\/schema\/logo\/image\/"}}]}},"_links":{"self":[{"href":"https:\/\/guiadovinho.com.br\/index.php?rest_route=\/wp\/v2\/pages\/105","targetHints":{"allow":["GET"]}}],"collection":[{"href":"https:\/\/guiadovinho.com.br\/index.php?rest_route=\/wp\/v2\/pages"}],"about":[{"href":"https:\/\/guiadovinho.com.br\/index.php?rest_route=\/wp\/v2\/types\/page"}],"author":[{"embeddable":true,"href":"https:\/\/guiadovinho.com.br\/index.php?rest_route=\/wp\/v2\/users\/1"}],"replies":[{"embeddable":true,"href":"https:\/\/guiadovinho.com.br\/index.php?rest_route=%2Fwp%2Fv2%2Fcomments&post=105"}],"version-history":[{"count":0,"href":"https:\/\/guiadovinho.com.br\/index.php?rest_route=\/wp\/v2\/pages\/105\/revisions"}],"wp:attachment":[{"href":"https:\/\/guiadovinho.com.br\/index.php?rest_route=%2Fwp%2Fv2%2Fmedia&parent=105"}],"curies":[{"name":"wp","href":"https:\/\/api.w.org\/{rel}","templated":true}]}}